{"id":26153,"date":"2016-11-03T02:17:43","date_gmt":"2016-11-03T02:17:43","guid":{"rendered":"https:\/\/thegradschool.com\/site\/?page_id=26153"},"modified":"2025-04-13T17:01:35","modified_gmt":"2025-04-13T22:01:35","slug":"asesoria","status":"publish","type":"page","link":"https:\/\/thegradschool.com\/site\/asesoria\/","title":{"rendered":"Asesor\u00eda personalizada"},"content":{"rendered":"<p>[et_pb_section fb_built=&#8221;1&#8243; admin_label=&#8221;foto equipo&#8221; _builder_version=&#8221;3.22&#8243; background_image=&#8221;https:\/\/thegradschool.com\/site\/wp-content\/uploads\/2017\/06\/back-estudie-usa.jpg&#8221; custom_padding=&#8221;50px|0px|40px|0px&#8221; z_index_tablet=&#8221;500&#8243; locked=&#8221;off&#8221;][et_pb_row column_padding_mobile=&#8221;on&#8221; admin_label=&#8221;row&#8221; _builder_version=&#8221;3.25&#8243; background_size=&#8221;initial&#8221; background_position=&#8221;top_left&#8221; background_repeat=&#8221;repeat&#8221; custom_padding=&#8221;169px||0px|&#8221; custom_padding_tablet=&#8221;100px||77px|&#8221; custom_padding_phone=&#8221;44px|0px|63px|0px&#8221;][et_pb_column type=&#8221;4_4&#8243; _builder_version=&#8221;3.25&#8243; custom_padding=&#8221;|||&#8221; custom_padding__hover=&#8221;|||&#8221;][et_pb_text admin_label=&#8221;Somos The Grad School&#8221; _builder_version=&#8221;4.0.3&#8243; text_font=&#8221;helvetica||||&#8221; text_text_color=&#8221;#043f87&#8243; text_font_size=&#8221;50&#8243; text_line_height=&#8221;1.2em&#8221; background_size=&#8221;initial&#8221; background_position=&#8221;top_left&#8221; background_repeat=&#8221;repeat&#8221; text_orientation=&#8221;center&#8221; module_alignment=&#8221;center&#8221; custom_margin=&#8221;|||&#8221; custom_padding=&#8221;||25px||false|false&#8221; text_font_size_tablet=&#8221;&#8221; text_font_size_phone=&#8221;30&#8243; text_font_size_last_edited=&#8221;on|phone&#8221; border_style=&#8221;solid&#8221;]<\/p>\n<h5 style=\"font-size: 36px;color: #043f87 !important;text-align: center;\">Somos<\/h5>\n<h1 style=\"font-size: 63px;color: #043f87 !important;text-align: center;font-weight: bold;\">The Grad School<\/h1>\n<h2 style=\"text-align: center;\">Una instituci\u00f3n comprometida con tus sue\u00f1os<\/h2>\n<p> [\/et_pb_text][\/et_pb_column][\/et_pb_row][\/et_pb_section][et_pb_section fb_built=&#8221;1&#8243; _builder_version=&#8221;4.0.3&#8243; custom_css_main_element=&#8221;background: #205c9b;&#8221; locked=&#8221;off&#8221;][et_pb_row module_class=&#8221; et_pb_row_fullwidth&#8221; _builder_version=&#8221;4.0.3&#8243; width=&#8221;89%&#8221; width_tablet=&#8221;80%&#8221; width_phone=&#8221;&#8221; width_last_edited=&#8221;on|desktop&#8221; max_width=&#8221;89%&#8221; max_width_tablet=&#8221;80%&#8221; max_width_phone=&#8221;&#8221; max_width_last_edited=&#8221;on|desktop&#8221; custom_padding=&#8221;0px||0px||false|false&#8221; make_fullwidth=&#8221;on&#8221;][et_pb_column type=&#8221;4_4&#8243; _builder_version=&#8221;3.25&#8243; custom_padding=&#8221;|||&#8221; custom_padding__hover=&#8221;|||&#8221;][et_pb_text admin_label=&#8221;Llevamos m\u00e1s de 20 a\u00f1os apoyando&#8221; _builder_version=&#8221;4.0.3&#8243; text_font=&#8221;Arimo||||&#8221; text_text_color=&#8221;#ffffff&#8221; text_font_size=&#8221;24&#8243; text_line_height=&#8221;1.4em&#8221; header_font=&#8221;Arimo||||&#8221; background_size=&#8221;initial&#8221; background_position=&#8221;top_left&#8221; background_repeat=&#8221;repeat&#8221; text_orientation=&#8221;center&#8221; background_layout=&#8221;dark&#8221; module_alignment=&#8221;center&#8221; custom_margin=&#8221;0px||0px|&#8221; custom_padding=&#8221;0px||0px|&#8221; text_font_size_tablet=&#8221;&#8221; text_font_size_phone=&#8221;18&#8243; text_font_size_last_edited=&#8221;on|phone&#8221; border_style=&#8221;solid&#8221;]<\/p>\n<p style=\"color: #ffffff; text-align: center; padding-bottom: 2px;\">Llevamos m\u00e1s de 20 a\u00f1os apoyando, orientando y preparando de forma exitosa<\/p>\n<p style=\"color: #ffffff; text-align: center;\">a estudiantes interesados en continuar su proceso acad\u00e9mico en el exterior<\/p>\n<p>[\/et_pb_text][\/et_pb_column][\/et_pb_row][\/et_pb_section][et_pb_section fb_built=&#8221;1&#8243; admin_label=&#8221;Section&#8221; _builder_version=&#8221;3.22&#8243; background_color=&#8221;#f2f2ef&#8221; custom_padding=&#8221;66px||0px|&#8221; custom_padding_tablet=&#8221;0px|0px|61px|0px&#8221; padding_mobile=&#8221;on&#8221;][et_pb_row column_structure=&#8221;1_3,2_3&#8243; padding_mobile=&#8221;on&#8221; column_padding_mobile=&#8221;on&#8221; admin_label=&#8221;Row&#8221; _builder_version=&#8221;3.25&#8243; background_size=&#8221;initial&#8221; background_position=&#8221;top_left&#8221; background_repeat=&#8221;repeat&#8221; custom_padding=&#8221;0px||74px|&#8221; custom_padding_tablet=&#8221;90px||0px|&#8221;][et_pb_column type=&#8221;1_3&#8243; _builder_version=&#8221;3.25&#8243; custom_padding=&#8221;|||&#8221; custom_padding__hover=&#8221;|||&#8221;][et_pb_text _builder_version=&#8221;4.4.2&#8243; text_font=&#8221;helvetica||||&#8221; text_text_color=&#8221;#044f8c&#8221; text_font_size=&#8221;30&#8243; background_size=&#8221;initial&#8221; background_position=&#8221;top_left&#8221; background_repeat=&#8221;repeat&#8221; hover_enabled=&#8221;0&#8243;]<\/p>\n<p>Sobre nuestra asesor\u00eda<\/p>\n<p>[\/et_pb_text][\/et_pb_column][et_pb_column type=&#8221;2_3&#8243; _builder_version=&#8221;3.25&#8243; custom_padding=&#8221;|||&#8221; custom_padding__hover=&#8221;|||&#8221;][et_pb_text admin_label=&#8221;BUllests proceso&#8221; _builder_version=&#8221;4.0.3&#8243; text_font_size=&#8221;18&#8243; background_size=&#8221;initial&#8221; background_position=&#8221;top_left&#8221; background_repeat=&#8221;repeat&#8221; use_border_color=&#8221;off&#8221; border_color=&#8221;#ffffff&#8221; border_style=&#8221;solid&#8221;]<\/p>\n<p>&nbsp;<\/p>\n<p>En THE GRAD SCHOOL nos especializamos en escucharte y entender cu\u00e1les son tus metas profesionales. Te llevamos de la mano para que escojas los programas que te permitan tener las herramientas para cumplir tus sue\u00f1os.\u00a0<\/p>\n<p><span style=\"font-size: 18px;\">Escoger el programa ideal empieza por un proceso de autoconocimiento, \u00bfqu\u00e9 habilidades tienes? Cu\u00e1les habilidades te gustar\u00eda potenciar o adquirir? Quieres tener una carrera internacional? Con qu\u00e9 tipo de cultura te identificas mejor? Cu\u00e1les son las perspectivas internacionales? C\u00f3mo encajan tus metas profesionales con tu estudio?<\/span><\/p>\n<p>Conociendo bien qu\u00e9 es lo que quieres, podemos apoyarte para que encuentres el programa que m\u00e1s te puede servir para lograr las metas profesionales y ayudarte a postular para que maximices tus posibilidades de admisi\u00f3n y de ayuda financiera.<\/p>\n<p><span style=\"font-size: 18px;\">El tema de costos es crucial. Estudiar en el exterior requiere un esfuerzo acad\u00e9mico y econ\u00f3mico. Es importante realizar un presupuesto realista y evaluar todas las fuentes de financiaci\u00f3n. En muchos casos los costos son similares a los que puedes encontrar en tu pa\u00eds, pero en otros pueden ser m\u00e1s elevados.<\/span><\/p>\n<p><span style=\"font-size: 18px;\">Nuestra asesor\u00eda comprende la selecci\u00f3n del programa, un plan de trabajo detallado para la preparaci\u00f3n de las aplicaciones, revisi\u00f3n de contenido y ling\u00fc\u00edstica de todos los documentos de la aplicaci\u00f3n. Preparaci\u00f3n de entrevistas de admisi\u00f3n, postulaci\u00f3n a las becas que ofrezcan los programas y las universidades.<\/span><br \/><span style=\"font-size: 18px;\"><\/span><\/p>\n<p>&nbsp;<\/p>\n<p><span style=\"font-size: 18px;\"><\/span><\/p>\n<p>&nbsp;<\/p>\n<p>Reserva tu asesor\u00eda ya!<span style=\"font-size: 18px;\"><\/span><\/p>\n<p>&nbsp;<\/p>\n<p>&nbsp;<\/p>\n<p>&nbsp;<\/p>\n<p>[\/et_pb_text][\/et_pb_column][\/et_pb_row][\/et_pb_section][et_pb_section fb_built=&#8221;1&#8243; _builder_version=&#8221;3.22&#8243;][et_pb_row _builder_version=&#8221;3.25&#8243; background_size=&#8221;initial&#8221; background_position=&#8221;top_left&#8221; background_repeat=&#8221;repeat&#8221;][et_pb_column type=&#8221;4_4&#8243; _builder_version=&#8221;3.25&#8243; custom_padding=&#8221;|||&#8221; custom_padding__hover=&#8221;|||&#8221;][et_pb_text _builder_version=&#8221;3.27.4&#8243; text_font=&#8221;helvetica||||&#8221; text_text_color=&#8221;#044f8c&#8221; text_font_size=&#8221;30&#8243; background_size=&#8221;initial&#8221; background_position=&#8221;top_left&#8221; background_repeat=&#8221;repeat&#8221; use_border_color=&#8221;off&#8221; border_color=&#8221;#ffffff&#8221; border_style=&#8221;solid&#8221;]Ventajas de estudiar en el exterior<br \/>\n[\/et_pb_text][\/et_pb_column][\/et_pb_row][\/et_pb_section][et_pb_section fb_built=&#8221;1&#8243; custom_padding_last_edited=&#8221;on|desktop&#8221; parallax_method_1=&#8221;off&#8221; parallax_method_2=&#8221;off&#8221; parallax_method_3=&#8221;off&#8221; disabled_on=&#8221;off|off|off&#8221; admin_label=&#8221;Section&#8221; module_id=&#8221;contacto-form&#8221; _builder_version=&#8221;3.22&#8243; background_color=&#8221;#aaaaaa&#8221; custom_padding=&#8221;0px||0px|&#8221; custom_padding_tablet=&#8221;&#8221; custom_padding_phone=&#8221;20px||30px|&#8221; transparent_background=&#8221;off&#8221; make_fullwidth=&#8221;off&#8221; use_custom_width=&#8221;off&#8221; width_unit=&#8221;on&#8221;][et_pb_row column_structure=&#8221;1_2,1_2&#8243; make_equal=&#8221;on&#8221; admin_label=&#8221;row&#8221; _builder_version=&#8221;3.25&#8243; background_size=&#8221;initial&#8221; background_position=&#8221;top_left&#8221; background_repeat=&#8221;repeat&#8221;][et_pb_column type=&#8221;1_2&#8243; module_class=&#8221;ds-vertical-align&#8221; _builder_version=&#8221;3.25&#8243; custom_padding=&#8221;|||&#8221; custom_padding__hover=&#8221;|||&#8221;][et_pb_image src=&#8221;https:\/\/thegradschool.com\/site\/wp-content\/uploads\/2017\/09\/logo-TGS.png&#8221; align_tablet=&#8221;center&#8221; align_phone=&#8221;&#8221; align_last_edited=&#8221;on|desktop&#8221; _builder_version=&#8221;3.23&#8243; border_style=&#8221;solid&#8221; sticky=&#8221;off&#8221; always_center_on_mobile=&#8221;on&#8221;][\/et_pb_image][\/et_pb_column][et_pb_column type=&#8221;1_2&#8243; module_class=&#8221;ds-vertical-align&#8221; _builder_version=&#8221;3.25&#8243; custom_padding=&#8221;|||&#8221; custom_padding__hover=&#8221;|||&#8221;][et_pb_text admin_label=&#8221;Datos&#8221; _builder_version=&#8221;4.4.2&#8243; text_line_height=&#8221;1em&#8221; text_orientation=&#8221;right&#8221; background_layout=&#8221;dark&#8221; text_font_size_tablet=&#8221;&#8221; text_font_size_phone=&#8221;13&#8243; text_font_size_last_edited=&#8221;on|phone&#8221; border_style=&#8221;solid&#8221;]<\/p>\n<p style=\"text-align: right;\"><span style=\"font-size: 14px;\">Bogot\u00e1 &#8211; Colombia<\/span><\/p>\n<p style=\"text-align: right;\"><a href=\"mailto:info@thegradschool.com\"><span style=\"color: #ffffff;\">info@thegradschool.com<\/span><br \/> <\/a><\/p>\n<p style=\"text-align: right;\">+57 320 893 9038 &#8211; +57 313 3903359<\/p>\n<p>[\/et_pb_text][\/et_pb_column][\/et_pb_row][\/et_pb_section]<\/p>\n","protected":false},"excerpt":{"rendered":"<p>[et_pb_section fb_built=&#8221;1&#8243; admin_label=&#8221;foto equipo&#8221; _builder_version=&#8221;3.22&#8243; background_image=&#8221;https:\/\/thegradschool.com\/site\/wp-content\/uploads\/2017\/06\/back-estudie-usa.jpg&#8221; custom_padding=&#8221;50px|0px|40px|0px&#8221; z_index_tablet=&#8221;500&#8243; locked=&#8221;off&#8221;][et_pb_row column_padding_mobile=&#8221;on&#8221; admin_label=&#8221;row&#8221; _builder_version=&#8221;3.25&#8243; background_size=&#8221;initial&#8221; background_position=&#8221;top_left&#8221; background_repeat=&#8221;repeat&#8221; custom_padding=&#8221;169px||0px|&#8221; custom_padding_tablet=&#8221;100px||77px|&#8221; custom_padding_phone=&#8221;44px|0px|63px|0px&#8221;][et_pb_column type=&#8221;4_4&#8243; _builder_version=&#8221;3.25&#8243; custom_padding=&#8221;|||&#8221; custom_padding__hover=&#8221;|||&#8221;][et_pb_text admin_label=&#8221;Somos The Grad School&#8221; _builder_version=&#8221;4.0.3&#8243; text_font=&#8221;helvetica||||&#8221; text_text_color=&#8221;#043f87&#8243; text_font_size=&#8221;50&#8243; text_line_height=&#8221;1.2em&#8221; background_size=&#8221;initial&#8221; background_position=&#8221;top_left&#8221; background_repeat=&#8221;repeat&#8221; text_orientation=&#8221;center&#8221; module_alignment=&#8221;center&#8221; custom_margin=&#8221;|||&#8221; custom_padding=&#8221;||25px||false|false&#8221; text_font_size_tablet=&#8221;&#8221; text_font_size_phone=&#8221;30&#8243; text_font_size_last_edited=&#8221;on|phone&#8221; border_style=&#8221;solid&#8221;] Somos The Grad School Una instituci\u00f3n comprometida con tus sue\u00f1os [\/et_pb_text][\/et_pb_column][\/et_pb_row][\/et_pb_section][et_pb_section fb_built=&#8221;1&#8243; _builder_version=&#8221;4.0.3&#8243; [&hellip;]<\/p>\n","protected":false},"author":8,"featured_media":0,"parent":0,"menu_order":0,"comment_status":"closed","ping_status":"closed","template":"","meta":{"_et_pb_use_builder":"on","_et_pb_old_content":"","_et_gb_content_width":"","content-type":"","_joinchat":[],"footnotes":""},"class_list":["post-26153","page","type-page","status-publish","hentry"],"aioseo_notices":[],"_links":{"self":[{"href":"https:\/\/thegradschool.com\/site\/wp-json\/wp\/v2\/pages\/26153","targetHints":{"allow":["GET"]}}],"collection":[{"href":"https:\/\/thegradschool.com\/site\/wp-json\/wp\/v2\/pages"}],"about":[{"href":"https:\/\/thegradschool.com\/site\/wp-json\/wp\/v2\/types\/page"}],"author":[{"embeddable":true,"href":"https:\/\/thegradschool.com\/site\/wp-json\/wp\/v2\/users\/8"}],"replies":[{"embeddable":true,"href":"https:\/\/thegradschool.com\/site\/wp-json\/wp\/v2\/comments?post=26153"}],"version-history":[{"count":7,"href":"https:\/\/thegradschool.com\/site\/wp-json\/wp\/v2\/pages\/26153\/revisions"}],"predecessor-version":[{"id":36209,"href":"https:\/\/thegradschool.com\/site\/wp-json\/wp\/v2\/pages\/26153\/revisions\/36209"}],"wp:attachment":[{"href":"https:\/\/thegradschool.com\/site\/wp-json\/wp\/v2\/media?parent=26153"}],"curies":[{"name":"wp","href":"https:\/\/api.w.org\/{rel}","templated":true}]}}