{"id":26417,"date":"2016-11-04T21:45:43","date_gmt":"2016-11-04T21:45:43","guid":{"rendered":"https:\/\/thegradschool.com\/site\/?page_id=26417"},"modified":"2023-11-23T09:18:34","modified_gmt":"2023-11-23T14:18:34","slug":"toefl","status":"publish","type":"page","link":"https:\/\/thegradschool.com\/site\/toefl\/","title":{"rendered":"TOEFL"},"content":{"rendered":"<p>[et_pb_section fb_built=&#8221;1&#8243; admin_label=&#8221;section&#8221; _builder_version=&#8221;3.22&#8243; background_image=&#8221;https:\/\/thegradschool.com\/site\/wp-content\/uploads\/2017\/06\/back-estudie-usa.jpg&#8221; custom_padding=&#8221;0px||38px|&#8221; z_index_tablet=&#8221;500&#8243;][et_pb_row column_padding_mobile=&#8221;on&#8221; custom_padding_last_edited=&#8221;on|phone&#8221; admin_label=&#8221;row&#8221; _builder_version=&#8221;3.25&#8243; background_size=&#8221;initial&#8221; background_position=&#8221;top_left&#8221; background_repeat=&#8221;repeat&#8221; custom_padding=&#8221;200px|0px|0px|&#8221; custom_padding_tablet=&#8221;100px||100px|&#8221; custom_padding_phone=&#8221;209px|0px|100px|0px&#8221;][et_pb_column type=&#8221;4_4&#8243; _builder_version=&#8221;3.25&#8243; custom_padding=&#8221;|||&#8221; custom_padding__hover=&#8221;|||&#8221;][et_pb_text disabled_on=&#8221;off|off|off&#8221; admin_label=&#8221;Titulo&#8221; _builder_version=&#8221;4.4.2&#8243; text_font=&#8221;|on|||&#8221; text_text_color=&#8221;#244d99&#8243; text_font_size=&#8221;100px&#8221; text_letter_spacing=&#8221;2px&#8221; text_line_height=&#8221;2.1em&#8221; header_font_size=&#8221;44px&#8221; background_size=&#8221;initial&#8221; background_position=&#8221;top_left&#8221; background_repeat=&#8221;repeat&#8221; text_orientation=&#8221;center&#8221; width=&#8221;100%&#8221; module_alignment=&#8221;center&#8221; custom_margin=&#8221;||10px|&#8221; custom_margin_tablet=&#8221;&#8221; custom_margin_phone=&#8221;&#8221; custom_margin_last_edited=&#8221;on|desktop&#8221; text_font_size_tablet=&#8221;46&#8243; text_font_size_phone=&#8221;&#8221; text_font_size_last_edited=&#8221;on|tablet&#8221; border_style=&#8221;solid&#8221; inline_fonts=&#8221;Droid Serif&#8221;]<\/p>\n<h1 itemprop=\"name\" style=\"font-size: 64px; color: #06409e;\">Curso TOEFL<\/h1>\n<p>[\/et_pb_text][et_pb_text admin_label=&#8221;Text&#8221; _builder_version=&#8221;4.4.2&#8243; text_font=&#8221;|800|||||||&#8221; text_text_color=&#8221;#000000&#8243; text_font_size=&#8221;20px&#8221; text_line_height=&#8221;1.4em&#8221; background_size=&#8221;initial&#8221; background_position=&#8221;top_left&#8221; background_repeat=&#8221;repeat&#8221; text_orientation=&#8221;center&#8221; max_width=&#8221;720px&#8221; module_alignment=&#8221;center&#8221; custom_margin=&#8221;||21px|&#8221; hover_enabled=&#8221;0&#8243; text_font_size_tablet=&#8221;18&#8243; text_font_size_phone=&#8221;&#8221; text_font_size_last_edited=&#8221;on|tablet&#8221;]<\/p>\n<p>\nEl TOEFL, Test of English as a Foreign Language, suele ser requisito para todos aquellos cuyo idioma nativo no es el ingl\u00e9s y que desean ingresar a universidades donde la instrucci\u00f3n es impartida en este idioma.<\/p>\n<p>[\/et_pb_text][\/et_pb_column][\/et_pb_row][\/et_pb_section][et_pb_section fb_built=&#8221;1&#8243; admin_label=&#8221;Section&#8221; _builder_version=&#8221;3.22&#8243; custom_padding=&#8221;0px||13px|&#8221; custom_padding_phone=&#8221;49px|0px|0px|0px&#8221; transparent_background=&#8221;off&#8221; make_fullwidth=&#8221;off&#8221; use_custom_width=&#8221;off&#8221; width_unit=&#8221;on&#8221;][et_pb_row column_structure=&#8221;1_2,1_2&#8243; column_padding_mobile=&#8221;on&#8221; _builder_version=&#8221;3.25&#8243; background_size=&#8221;initial&#8221; background_position=&#8221;top_left&#8221; background_repeat=&#8221;repeat&#8221; custom_padding=&#8221;60px|0px|50px|0px&#8221;][et_pb_column type=&#8221;1_2&#8243; _builder_version=&#8221;3.25&#8243; custom_padding=&#8221;|||&#8221; custom_padding__hover=&#8221;|||&#8221;][et_pb_text _builder_version=&#8221;3.27.4&#8243; text_text_color=&#8221;#073096&#8243; text_font_size=&#8221;30px&#8221; background_size=&#8221;initial&#8221; background_position=&#8221;top_left&#8221; background_repeat=&#8221;repeat&#8221;]<\/p>\n<p>\nCurso de preparaci\u00f3n para el TOEFL<\/p>\n<p>[\/et_pb_text][et_pb_text _builder_version=&#8221;4.4.2&#8243;]<\/p>\n<p>El TOEFL es un examen que mide la habilidad del candidato no nativo en ingl\u00e9s. Mide el desempe\u00f1o del candidato en la integraci\u00f3n de las cuatro habilidades b\u00e1sicas necesarias para una comunicaci\u00f3n efectiva: escucha, habla, escritura y lectura.<\/p>\n<p>[\/et_pb_text][\/et_pb_column][et_pb_column type=&#8221;1_2&#8243; _builder_version=&#8221;3.25&#8243; custom_padding=&#8221;|||&#8221; custom_padding__hover=&#8221;|||&#8221;][et_pb_text _builder_version=&#8221;4.4.2&#8243; text_font_size=&#8221;18px&#8221; text_line_height=&#8221;2em&#8221; background_size=&#8221;initial&#8221; background_position=&#8221;top_left&#8221; background_repeat=&#8221;repeat&#8221;]<\/p>\n<p>Nuestros cursos son INDIVIDUALES e incluyen:<\/p>\n<ul>\n<li>30 horas de clase (15 clases de dos horas cada una)<\/li>\n<li>Libro original ETS (compa\u00f1\u00eda que hace el examen)<\/li>\n<li>\u00c9nfasis en tus necesidades particulares<\/li>\n<li>Acompa\u00f1amiento del profesor<\/li>\n<\/ul>\n<p>Profesores entusiastas y familiarizados con el tipo de preguntas y el examen.<\/p>\n<p>[\/et_pb_text][\/et_pb_column][\/et_pb_row][\/et_pb_section][et_pb_section fb_built=&#8221;1&#8243; _builder_version=&#8221;3.22&#8243; background_color=&#8221;#205c9b&#8221; custom_padding=&#8221;54px|0px|20px|0px&#8221;][et_pb_row column_structure=&#8221;1_2,1_2&#8243; _builder_version=&#8221;3.25&#8243; background_size=&#8221;initial&#8221; background_position=&#8221;top_left&#8221; background_repeat=&#8221;repeat&#8221; custom_padding=&#8221;27px|0px|0px|0px&#8221;][et_pb_column type=&#8221;1_2&#8243; _builder_version=&#8221;3.25&#8243; custom_padding=&#8221;|||&#8221; custom_padding__hover=&#8221;|||&#8221;][et_pb_blurb use_icon=&#8221;on&#8221; font_icon=&#8221;%%107%%&#8221; icon_color=&#8221;#ffffff&#8221; _builder_version=&#8221;3.0.87&#8243; header_text_color=&#8221;#efefef&#8221; header_font_size=&#8221;26&#8243; header_line_height=&#8221;1.8em&#8221; body_line_height=&#8221;2.1em&#8221; background_size=&#8221;initial&#8221; background_position=&#8221;top_left&#8221; background_repeat=&#8221;repeat&#8221; background_layout=&#8221;dark&#8221; use_border_color=&#8221;off&#8221; border_color=&#8221;#ffffff&#8221; border_style=&#8221;solid&#8221;][\/et_pb_blurb][et_pb_text admin_label=&#8221;Text&#8221; _builder_version=&#8221;3.27.4&#8243; text_font=&#8221;Source Sans Pro||||&#8221; text_text_color=&#8221;#f7f7f7&#8243; text_font_size=&#8221;20px&#8221; text_line_height=&#8221;1.5em&#8221; background_size=&#8221;initial&#8221; background_position=&#8221;top_left&#8221; background_repeat=&#8221;repeat&#8221; text_orientation=&#8221;center&#8221; background_layout=&#8221;dark&#8221; max_width=&#8221;620px&#8221; module_alignment=&#8221;center&#8221; custom_margin=&#8221;50px||20px|&#8221; custom_margin_tablet=&#8221;||10px|&#8221; custom_padding=&#8221;10px|||&#8221;]<\/p>\n<p>\n<em>Trabajamos con <strong>material oficial <\/strong>de\u00a0las compa\u00f1\u00edas que dise\u00f1an los examenes. No interpretamos el material, lo usamos!\u00a0<\/em><\/p>\n<p>&nbsp;<\/p>\n<p>[\/et_pb_text][\/et_pb_column][et_pb_column type=&#8221;1_2&#8243; _builder_version=&#8221;4.4.2&#8243;][et_pb_text _builder_version=&#8221;4.4.2&#8243; text_text_color=&#8221;#ffffff&#8221; text_font_size=&#8221;26px&#8221;]<\/p>\n<p>Solicita mas informaci\u00f3n<\/p>\n<p>[\/et_pb_text][et_pb_code _builder_version=&#8221;4.4.2&#8243;]<script charset=\"utf-8\" type=\"text\/javascript\" src=\"\/\/js.hsforms.net\/forms\/shell.js\"><\/script><!-- [et_pb_line_break_holder] --><script><!-- [et_pb_line_break_holder] -->  hbspt.forms.create({<!-- [et_pb_line_break_holder] -->\tregion: \"na1\",<!-- [et_pb_line_break_holder] -->\tportalId: \"21270852\",<!-- [et_pb_line_break_holder] -->\tformId: \"b6515345-c923-4507-8a04-72bba2c5cfbb\"<!-- [et_pb_line_break_holder] -->});<!-- [et_pb_line_break_holder] --><\/script>[\/et_pb_code][\/et_pb_column][\/et_pb_row][\/et_pb_section][et_pb_section fb_built=&#8221;1&#8243; custom_padding_last_edited=&#8221;on|desktop&#8221; parallax_method_1=&#8221;off&#8221; parallax_method_2=&#8221;off&#8221; parallax_method_3=&#8221;off&#8221; disabled_on=&#8221;off|off|off&#8221; admin_label=&#8221;Section&#8221; module_id=&#8221;contacto-form&#8221; _builder_version=&#8221;3.22&#8243; background_color=&#8221;#aaaaaa&#8221; custom_padding=&#8221;10px||10px|&#8221; custom_padding_tablet=&#8221;&#8221; custom_padding_phone=&#8221;20px||30px|&#8221;][et_pb_row column_structure=&#8221;1_2,1_2&#8243; make_equal=&#8221;on&#8221; admin_label=&#8221;row&#8221; _builder_version=&#8221;3.25&#8243; background_size=&#8221;initial&#8221; background_position=&#8221;top_left&#8221; background_repeat=&#8221;repeat&#8221;][et_pb_column type=&#8221;1_2&#8243; module_class=&#8221;ds-vertical-align&#8221; _builder_version=&#8221;3.25&#8243; custom_padding=&#8221;|||&#8221; custom_padding__hover=&#8221;|||&#8221;][et_pb_image src=&#8221;https:\/\/thegradschool.com\/site\/wp-content\/uploads\/2017\/09\/logo-TGS.png&#8221; align_tablet=&#8221;center&#8221; align_phone=&#8221;&#8221; align_last_edited=&#8221;on|desktop&#8221; _builder_version=&#8221;3.23&#8243; border_style=&#8221;solid&#8221; sticky=&#8221;off&#8221; always_center_on_mobile=&#8221;on&#8221;][\/et_pb_image][\/et_pb_column][et_pb_column type=&#8221;1_2&#8243; module_class=&#8221;ds-vertical-align&#8221; _builder_version=&#8221;3.25&#8243; custom_padding=&#8221;|||&#8221; custom_padding__hover=&#8221;|||&#8221;][et_pb_text admin_label=&#8221;Datos&#8221; _builder_version=&#8221;3.27.4&#8243; text_line_height=&#8221;1em&#8221; text_orientation=&#8221;right&#8221; background_layout=&#8221;dark&#8221; text_font_size_tablet=&#8221;&#8221; text_font_size_phone=&#8221;13&#8243; text_font_size_last_edited=&#8221;on|phone&#8221; border_style=&#8221;solid&#8221;]<\/p>\n<p style=\"text-align: right;\"><span style=\"font-size: 14px;\">Bogot\u00e1 &#8211; Colombia<\/span><\/p>\n<p style=\"text-align: right;\"><a href=\"mailto:info@thegradschool.com\"><span style=\"color: #ffffff;\">info@thegradschool.com<\/span><\/a><\/p>\n<p style=\"text-align: right;\"><strong>Whatsapp +57 320 8939038 &#8211;\u00a0+57 313 3903359\u00a0<\/strong><\/p>\n<p>[\/et_pb_text][\/et_pb_column][\/et_pb_row][\/et_pb_section]<\/p>\n","protected":false},"excerpt":{"rendered":"<p>[et_pb_section fb_built=&#8221;1&#8243; admin_label=&#8221;section&#8221; _builder_version=&#8221;3.22&#8243; background_image=&#8221;https:\/\/thegradschool.com\/site\/wp-content\/uploads\/2017\/06\/back-estudie-usa.jpg&#8221; custom_padding=&#8221;0px||38px|&#8221; z_index_tablet=&#8221;500&#8243;][et_pb_row column_padding_mobile=&#8221;on&#8221; custom_padding_last_edited=&#8221;on|phone&#8221; admin_label=&#8221;row&#8221; _builder_version=&#8221;3.25&#8243; background_size=&#8221;initial&#8221; background_position=&#8221;top_left&#8221; background_repeat=&#8221;repeat&#8221; custom_padding=&#8221;200px|0px|0px|&#8221; custom_padding_tablet=&#8221;100px||100px|&#8221; custom_padding_phone=&#8221;209px|0px|100px|0px&#8221;][et_pb_column type=&#8221;4_4&#8243; _builder_version=&#8221;3.25&#8243; custom_padding=&#8221;|||&#8221; custom_padding__hover=&#8221;|||&#8221;][et_pb_text disabled_on=&#8221;off|off|off&#8221; admin_label=&#8221;Titulo&#8221; _builder_version=&#8221;4.4.2&#8243; text_font=&#8221;|on|||&#8221; text_text_color=&#8221;#244d99&#8243; text_font_size=&#8221;100px&#8221; text_letter_spacing=&#8221;2px&#8221; text_line_height=&#8221;2.1em&#8221; header_font_size=&#8221;44px&#8221; background_size=&#8221;initial&#8221; background_position=&#8221;top_left&#8221; background_repeat=&#8221;repeat&#8221; text_orientation=&#8221;center&#8221; width=&#8221;100%&#8221; module_alignment=&#8221;center&#8221; custom_margin=&#8221;||10px|&#8221; custom_margin_tablet=&#8221;&#8221; custom_margin_phone=&#8221;&#8221; custom_margin_last_edited=&#8221;on|desktop&#8221; text_font_size_tablet=&#8221;46&#8243; text_font_size_phone=&#8221;&#8221; text_font_size_last_edited=&#8221;on|tablet&#8221; border_style=&#8221;solid&#8221; inline_fonts=&#8221;Droid Serif&#8221;] Curso TOEFL [\/et_pb_text][et_pb_text admin_label=&#8221;Text&#8221; _builder_version=&#8221;4.4.2&#8243; text_font=&#8221;|800|||||||&#8221; text_text_color=&#8221;#000000&#8243; text_font_size=&#8221;20px&#8221; text_line_height=&#8221;1.4em&#8221; [&hellip;]<\/p>\n","protected":false},"author":8,"featured_media":0,"parent":0,"menu_order":0,"comment_status":"closed","ping_status":"closed","template":"","meta":{"_et_pb_use_builder":"on","_et_pb_old_content":"<p>Nuestra oficinas en <strong>Bogot\u00e1<\/strong> (Colombia), <strong>Caracas <\/strong>(Venezuela), y en <strong>Ciudad de Mexico<\/strong> brindan asesor\u00eda y acompa\u00f1amiento en el proceso de aplicaci\u00f3n a todas las universidades que representamos.<\/p><p>Nuestros servicios de Asesor\u00eda incluyen:<\/p><ul><li>Orientaci\u00f3n para la elecci\u00f3n del programa<\/li><li>Asesor\u00eda personalizada durante el proceso de aplicaci\u00f3n<\/li><li>Revisi\u00f3n de documentaci\u00f3n y orientaci\u00f3n para el tramite de visas<\/li><\/ul>","_et_gb_content_width":"","content-type":"","_joinchat":[],"footnotes":""},"class_list":["post-26417","page","type-page","status-publish","hentry"],"aioseo_notices":[],"_links":{"self":[{"href":"https:\/\/thegradschool.com\/site\/wp-json\/wp\/v2\/pages\/26417","targetHints":{"allow":["GET"]}}],"collection":[{"href":"https:\/\/thegradschool.com\/site\/wp-json\/wp\/v2\/pages"}],"about":[{"href":"https:\/\/thegradschool.com\/site\/wp-json\/wp\/v2\/types\/page"}],"author":[{"embeddable":true,"href":"https:\/\/thegradschool.com\/site\/wp-json\/wp\/v2\/users\/8"}],"replies":[{"embeddable":true,"href":"https:\/\/thegradschool.com\/site\/wp-json\/wp\/v2\/comments?post=26417"}],"version-history":[{"count":8,"href":"https:\/\/thegradschool.com\/site\/wp-json\/wp\/v2\/pages\/26417\/revisions"}],"predecessor-version":[{"id":35465,"href":"https:\/\/thegradschool.com\/site\/wp-json\/wp\/v2\/pages\/26417\/revisions\/35465"}],"wp:attachment":[{"href":"https:\/\/thegradschool.com\/site\/wp-json\/wp\/v2\/media?parent=26417"}],"curies":[{"name":"wp","href":"https:\/\/api.w.org\/{rel}","templated":true}]}}