{"id":27282,"date":"2017-02-07T23:15:44","date_gmt":"2017-02-07T23:15:44","guid":{"rendered":"https:\/\/thegradschool.com\/site\/?page_id=27282"},"modified":"2022-03-04T09:32:26","modified_gmt":"2022-03-04T14:32:26","slug":"ingles-academico","status":"publish","type":"page","link":"https:\/\/thegradschool.com\/site\/ingles-academico\/","title":{"rendered":"Ingl\u00e9s Acad\u00e9mico"},"content":{"rendered":"<p>[et_pb_section fb_built=&#8221;1&#8243; _builder_version=&#8221;4.0.3&#8243; background_color=&#8221;#0c71c3&#8243;][et_pb_row _builder_version=&#8221;4.0.3&#8243;][et_pb_column type=&#8221;4_4&#8243; _builder_version=&#8221;4.0.3&#8243;][et_pb_text admin_label=&#8221;Curso Online&#8221; _builder_version=&#8221;4.4.2&#8243;]<\/p>\n<h2 style=\"text-align: center;\"><span style=\"color: #ffffff;\">Curso Online<\/span><\/h2>\n<p>[\/et_pb_text][\/et_pb_column][\/et_pb_row][\/et_pb_section][et_pb_section fb_built=&#8221;1&#8243; admin_label=&#8221;section&#8221; _builder_version=&#8221;4.0.3&#8243; background_image=&#8221;https:\/\/thegradschool.com\/site\/wp-content\/uploads\/2019\/12\/internationalclass-1.jpg&#8221; background_position=&#8221;top_center&#8221; custom_padding=&#8221;0px||0px|&#8221;][et_pb_row column_padding_mobile=&#8221;on&#8221; custom_padding_last_edited=&#8221;on|desktop&#8221; admin_label=&#8221;row&#8221; _builder_version=&#8221;4.0.3&#8243; background_enable_color=&#8221;off&#8221; background_size=&#8221;initial&#8221; background_position=&#8221;top_left&#8221; background_repeat=&#8221;repeat&#8221; custom_padding=&#8221;150px||44px|&#8221; custom_padding_tablet=&#8221;100px||100px|&#8221; custom_padding_phone=&#8221;100px|0px|100px|0px&#8221;][et_pb_column type=&#8221;4_4&#8243; _builder_version=&#8221;3.25&#8243; custom_padding=&#8221;|||&#8221; custom_padding__hover=&#8221;|||&#8221;][et_pb_text admin_label=&#8221;Logo&#8221; _builder_version=&#8221;4.0.3&#8243; background_enable_color=&#8221;off&#8221;]<\/p>\n<p><img loading=\"lazy\" decoding=\"async\" class=\"wp-image-28761 aligncenter size-full\" src=\"https:\/\/thegradschool.com\/site\/wp-content\/uploads\/2017\/09\/logo-TGS.png\" alt=\"\" width=\"470\" height=\"91\" srcset=\"https:\/\/thegradschool.com\/site\/wp-content\/uploads\/2017\/09\/logo-TGS.png 470w, https:\/\/thegradschool.com\/site\/wp-content\/uploads\/2017\/09\/logo-TGS-300x58.png 300w\" sizes=\"auto, (max-width: 470px) 100vw, 470px\" \/><\/p>\n<p>[\/et_pb_text][et_pb_text admin_label=&#8221;eap&#8221; _builder_version=&#8221;4.0.3&#8243;]<\/p>\n<h1 style=\"text-align: center;color: #3757b7!important;font-size: 54px;font-weight: 600;\">English for Academic Purposes<\/h1>\n<p>[\/et_pb_text][et_pb_text admin_label=&#8221;mejora eficaz&#8221; _builder_version=&#8221;4.0.3&#8243; background_color=&#8221;rgba(255,255,255,0.5)&#8221; custom_padding=&#8221;10px|10px|10px|10px|false|false&#8221;]<\/p>\n<p style=\"text-align: center;\"><strong><span style=\"font-size: 18pt; color: #3757b7;\">Mejora de forma eficaz tus competencias en el idioma ingl\u00e9s<\/span><\/strong><\/p>\n<p style=\"text-align: center;\"><span style=\"color: #000000; font-size: 14pt;\">El curso EAP <span lang=\"ES-CO\">(English for Academic Purposes) adem\u00e1s\u00a0 de afianzar el manejo de la lengua, brinda herramientas suficientes para que tu desempe\u00f1o en un entorno acad\u00e9mico sea \u00f3ptimo y eficiente<\/span><\/span><\/p>\n<p>[\/et_pb_text][\/et_pb_column][\/et_pb_row][\/et_pb_section][et_pb_section fb_built=&#8221;1&#8243; admin_label=&#8221;Section&#8221; _builder_version=&#8221;3.22&#8243; custom_padding=&#8221;0px||0px|&#8221; custom_padding_phone=&#8221;49px|0px|0px|0px&#8221; transparent_background=&#8221;off&#8221; make_fullwidth=&#8221;off&#8221; use_custom_width=&#8221;off&#8221; width_unit=&#8221;on&#8221;][et_pb_row column_structure=&#8221;1_2,1_2&#8243; column_padding_mobile=&#8221;on&#8221; admin_label=&#8221;Fila&#8221; _builder_version=&#8221;3.25&#8243; background_size=&#8221;initial&#8221; background_position=&#8221;top_left&#8221; background_repeat=&#8221;repeat&#8221; custom_padding=&#8221;50px||50px|&#8221;][et_pb_column type=&#8221;1_2&#8243; _builder_version=&#8221;3.25&#8243; custom_padding=&#8221;|||&#8221; custom_padding__hover=&#8221;|||&#8221;][et_pb_text admin_label=&#8221;titulo cursos&#8221; _builder_version=&#8221;4.0.3&#8243;]<\/p>\n<p style=\"color: #06409e; font-size: 30px; text-align: center; line-height: 34px;\"> Curso de Ingl\u00e9s para prop\u00f3sitos acad\u00e9micos <\/p>\n<p>[\/et_pb_text][et_pb_text admin_label=&#8221;Ingl\u00e9s Acad\u00e9mico  Para qui\u00e9n est\u00e1 dirigido: &#8221; _builder_version=&#8221;4.0.3&#8243;]<\/p>\n<p><span style=\"font-size: 14pt;\">A qui\u00e9n est\u00e1 dirigido:<\/span><\/p>\n<ul>\n<li><span style=\"font-size: 14pt;\">Docentes, investigadores, divulgadores y\u00a0 comunidad acad\u00e9mica vinculada con la producci\u00f3n de conocimiento<\/span><\/li>\n<li><span style=\"font-size: 14pt;\">Aspirantes a realizar estudios de posgrado en Ingl\u00e9s<\/span><\/li>\n<\/ul>\n<p><span style=\"font-size: 14pt;\">Requisitos: Nivel de ingl\u00e9s m\u00ednimo B2 certificado<\/span><\/p>\n<p>[\/et_pb_text][\/et_pb_column][et_pb_column type=&#8221;1_2&#8243; _builder_version=&#8221;3.25&#8243; custom_padding=&#8221;|||&#8221; custom_padding__hover=&#8221;|||&#8221;][et_pb_text admin_label=&#8221;titulo cursos&#8221; _builder_version=&#8221;4.0.3&#8243;]<\/p>\n<p style=\"color: #06409e; font-size: 30px; text-align: center; line-height: 34px;\">Nuestro curso:<\/p>\n<p>[\/et_pb_text][et_pb_text admin_label=&#8221;bullets&#8221; _builder_version=&#8221;4.0.3&#8243;]<\/p>\n<p>&nbsp;<\/p>\n<p><span style=\"font-size: 14pt;\">Objetivos<\/span><\/p>\n<ul>\n<li><span style=\"font-size: 14pt;\">Ampliar la comprensi\u00f3n de art\u00edculos y textos cient\u00edficos en ingl\u00e9s<\/span><\/li>\n<li><span style=\"font-size: 14pt;\">Mejorar la capacidad en la creaci\u00f3n de contenidos acad\u00e9micos<\/span><\/li>\n<li><span style=\"font-size: 14pt;\">Adquirir habilidades comunicativas a nivel oral para el debate e intercambio de saberes en ingl\u00e9s<\/span><\/li>\n<li><span style=\"font-size: 14pt;\">Aprender sobre m\u00e9todos de estudio adecuados en entornos acad\u00e9micos internacionales<\/span><\/li>\n<li><span style=\"font-size: 14pt;\">Incrementar el vocabulario aplicado a la academia<\/span><\/li>\n<\/ul>\n<p><span style=\"font-size: 14pt;\">Duraci\u00f3n: 60 horas<\/span><\/p>\n<p><span style=\"font-size: 14pt;\">Horario: 4 veces por semana, lunes a viernes de 6:00am a 8:00am<\/span><\/p>\n<p><span style=\"font-size: 14pt;\">Tama\u00f1o de clase: 6 estudiantes m\u00e1ximo.<\/span><\/p>\n<p><span style=\"font-size: 14pt;\">Materiales: libro de Cambridge Academic English<\/span><\/p>\n<p>[\/et_pb_text][\/et_pb_column][\/et_pb_row][\/et_pb_section][et_pb_section fb_built=&#8221;1&#8243; admin_label=&#8221;Secci\u00f3n&#8221; _builder_version=&#8221;3.22&#8243; background_color=&#8221;#205c9b&#8221; custom_padding=&#8221;54px|0px|31px|0px&#8221;][et_pb_row column_structure=&#8221;1_2,1_2&#8243; admin_label=&#8221;Fila&#8221; _builder_version=&#8221;3.25&#8243; background_size=&#8221;initial&#8221; background_position=&#8221;top_left&#8221; background_repeat=&#8221;repeat&#8221; custom_padding=&#8221;27px|0px|0px|0px&#8221;][et_pb_column type=&#8221;1_2&#8243; _builder_version=&#8221;3.25&#8243; custom_padding=&#8221;|||&#8221; custom_padding__hover=&#8221;|||&#8221;][et_pb_blurb use_icon=&#8221;on&#8221; font_icon=&#8221;%%275%%&#8221; icon_color=&#8221;#ffffff&#8221; admin_label=&#8221;Ense\u00f1anza personalizada&#8221; _builder_version=&#8221;3.0.74&#8243; header_text_color=&#8221;#efefef&#8221; header_font_size=&#8221;26&#8243; header_line_height=&#8221;2.2em&#8221; body_line_height=&#8221;1.8em&#8221; background_size=&#8221;initial&#8221; background_position=&#8221;top_left&#8221; background_repeat=&#8221;repeat&#8221; background_layout=&#8221;dark&#8221;]<\/p>\n<h2 style=\"text-align: center;\">Ense\u00f1anza personalizada<\/h2>\n<p>THE GRAD SCHOOL te ofrece una ense\u00f1anza personalizada en\u00a0grupos de m\u00e1ximo seis personas. La evaluaci\u00f3n que los profesores hacen nos permiten conocer a fondo a cada uno de nuestros estudiantes y brindarles una asesor\u00eda totalmente individual.<br \/>\n[\/et_pb_blurb][\/et_pb_column][et_pb_column type=&#8221;1_2&#8243; _builder_version=&#8221;4.4.2&#8243;][et_pb_text _builder_version=&#8221;4.4.2&#8243; text_text_color=&#8221;#ffffff&#8221; text_font_size=&#8221;21px&#8221;]<\/p>\n<p>\u00a1Contactanos!<\/p>\n<p>[\/et_pb_text][et_pb_code _builder_version=&#8221;4.4.2&#8243;]<script charset=\"utf-8\" type=\"text\/javascript\" src=\"\/\/js.hsforms.net\/forms\/shell.js\"><\/script><!-- [et_pb_line_break_holder] --><script><!-- [et_pb_line_break_holder] -->  hbspt.forms.create({<!-- [et_pb_line_break_holder] -->\tregion: \"na1\",<!-- [et_pb_line_break_holder] -->\tportalId: \"21270852\",<!-- [et_pb_line_break_holder] -->\tformId: \"219271d0-ac8b-4f10-9e34-5dcac2ad1ce4\"<!-- [et_pb_line_break_holder] -->});<!-- [et_pb_line_break_holder] --><\/script>[\/et_pb_code][\/et_pb_column][\/et_pb_row][\/et_pb_section][et_pb_section fb_built=&#8221;1&#8243; disabled_on=&#8221;on|on|on&#8221; module_id=&#8221;formulario&#8221; _builder_version=&#8221;4.4.2&#8243; custom_padding=&#8221;31px|||&#8221; custom_css_main_element=&#8221; background: #083f88;&#8221; disabled=&#8221;on&#8221; locked=&#8221;off&#8221;][et_pb_row _builder_version=&#8221;3.25&#8243;][et_pb_column type=&#8221;4_4&#8243; _builder_version=&#8221;3.25&#8243; custom_padding=&#8221;|||&#8221; custom_padding__hover=&#8221;|||&#8221;][et_pb_text admin_label=&#8221;agenda tu cita&#8221; _builder_version=&#8221;4.0.3&#8243; text_text_color=&#8221;#ffffff&#8221; text_font_size=&#8221;31&#8243; background_layout=&#8221;dark&#8221; border_style=&#8221;solid&#8221;]<\/p>\n<p>Conoce sobre nuestro curso<\/p>\n<p>[\/et_pb_text][et_pb_contact_form captcha=&#8221;off&#8221; title=&#8221;Un miembro de nuestro equipo se pondr\u00e1 en contacto contigo. EAP&#8221; success_message=&#8221;Hemos recibido tu mensaje. Prontamente estaremos contact\u00e1ndote&#8221; _builder_version=&#8221;4.4.2&#8243; title_text_color=&#8221;#ffffff&#8221; title_font_size=&#8221;18&#8243; title_line_height=&#8221;1.1em&#8221; border_radii=&#8221;on|0px|0px|0px|0px&#8221; border_style=&#8221;solid&#8221; input_border_radius=&#8221;0&#8243; button_letter_spacing_hover=&#8221;0&#8243;][et_pb_contact_field field_id=&#8221;Name&#8221; field_title=&#8221;Nombre&#8221; _builder_version=&#8221;3.16&#8243; form_field_font=&#8221;||||&#8221; use_border_color=&#8221;off&#8221; border_style=&#8221;solid&#8221; button_text_size__hover_enabled=&#8221;off&#8221; button_one_text_size__hover_enabled=&#8221;off&#8221; button_two_text_size__hover_enabled=&#8221;off&#8221; button_text_color__hover_enabled=&#8221;off&#8221; button_one_text_color__hover_enabled=&#8221;off&#8221; button_two_text_color__hover_enabled=&#8221;off&#8221; button_border_width__hover_enabled=&#8221;off&#8221; button_one_border_width__hover_enabled=&#8221;off&#8221; button_two_border_width__hover_enabled=&#8221;off&#8221; button_border_color__hover_enabled=&#8221;off&#8221; button_one_border_color__hover_enabled=&#8221;off&#8221; button_two_border_color__hover_enabled=&#8221;off&#8221; button_border_radius__hover_enabled=&#8221;off&#8221; button_one_border_radius__hover_enabled=&#8221;off&#8221; button_two_border_radius__hover_enabled=&#8221;off&#8221; button_letter_spacing__hover_enabled=&#8221;off&#8221; button_one_letter_spacing__hover_enabled=&#8221;off&#8221; button_two_letter_spacing__hover_enabled=&#8221;off&#8221; button_bg_color__hover_enabled=&#8221;off&#8221; button_one_bg_color__hover_enabled=&#8221;off&#8221; button_two_bg_color__hover_enabled=&#8221;off&#8221;][\/et_pb_contact_field][et_pb_contact_field field_id=&#8221;Email&#8221; field_title=&#8221;Direcci\u00f3n de correo electr\u00f3nico&#8221; field_type=&#8221;email&#8221; _builder_version=&#8221;3.16&#8243; button_text_size__hover_enabled=&#8221;off&#8221; button_one_text_size__hover_enabled=&#8221;off&#8221; button_two_text_size__hover_enabled=&#8221;off&#8221; button_text_color__hover_enabled=&#8221;off&#8221; button_one_text_color__hover_enabled=&#8221;off&#8221; button_two_text_color__hover_enabled=&#8221;off&#8221; button_border_width__hover_enabled=&#8221;off&#8221; button_one_border_width__hover_enabled=&#8221;off&#8221; button_two_border_width__hover_enabled=&#8221;off&#8221; button_border_color__hover_enabled=&#8221;off&#8221; button_one_border_color__hover_enabled=&#8221;off&#8221; button_two_border_color__hover_enabled=&#8221;off&#8221; button_border_radius__hover_enabled=&#8221;off&#8221; button_one_border_radius__hover_enabled=&#8221;off&#8221; button_two_border_radius__hover_enabled=&#8221;off&#8221; button_letter_spacing__hover_enabled=&#8221;off&#8221; button_one_letter_spacing__hover_enabled=&#8221;off&#8221; button_two_letter_spacing__hover_enabled=&#8221;off&#8221; button_bg_color__hover_enabled=&#8221;off&#8221; button_one_bg_color__hover_enabled=&#8221;off&#8221; button_two_bg_color__hover_enabled=&#8221;off&#8221;][\/et_pb_contact_field][et_pb_contact_field field_id=&#8221;Tel\u00e9fono&#8221; field_title=&#8221;Tel\u00e9fono&#8221; allowed_symbols=&#8221;numbers&#8221; fullwidth_field=&#8221;on&#8221; _builder_version=&#8221;3.16&#8243; form_field_font=&#8221;||||&#8221; use_border_color=&#8221;off&#8221; border_style=&#8221;solid&#8221; button_text_size__hover_enabled=&#8221;off&#8221; button_one_text_size__hover_enabled=&#8221;off&#8221; button_two_text_size__hover_enabled=&#8221;off&#8221; button_text_color__hover_enabled=&#8221;off&#8221; button_one_text_color__hover_enabled=&#8221;off&#8221; button_two_text_color__hover_enabled=&#8221;off&#8221; button_border_width__hover_enabled=&#8221;off&#8221; button_one_border_width__hover_enabled=&#8221;off&#8221; button_two_border_width__hover_enabled=&#8221;off&#8221; button_border_color__hover_enabled=&#8221;off&#8221; button_one_border_color__hover_enabled=&#8221;off&#8221; button_two_border_color__hover_enabled=&#8221;off&#8221; button_border_radius__hover_enabled=&#8221;off&#8221; button_one_border_radius__hover_enabled=&#8221;off&#8221; button_two_border_radius__hover_enabled=&#8221;off&#8221; button_letter_spacing__hover_enabled=&#8221;off&#8221; button_one_letter_spacing__hover_enabled=&#8221;off&#8221; button_two_letter_spacing__hover_enabled=&#8221;off&#8221; button_bg_color__hover_enabled=&#8221;off&#8221; button_one_bg_color__hover_enabled=&#8221;off&#8221; button_two_bg_color__hover_enabled=&#8221;off&#8221;][\/et_pb_contact_field][\/et_pb_contact_form][\/et_pb_column][\/et_pb_row][\/et_pb_section][et_pb_section fb_built=&#8221;1&#8243; custom_padding_last_edited=&#8221;on|desktop&#8221; parallax_method_1=&#8221;off&#8221; parallax_method_2=&#8221;off&#8221; parallax_method_3=&#8221;off&#8221; disabled_on=&#8221;off|off|off&#8221; admin_label=&#8221;Section&#8221; module_id=&#8221;contacto-form&#8221; _builder_version=&#8221;4.4.1&#8243; background_color=&#8221;#aaaaaa&#8221; custom_padding=&#8221;0px||0px|&#8221; custom_padding_tablet=&#8221;&#8221; custom_padding_phone=&#8221;20px||30px|&#8221; transparent_background=&#8221;off&#8221; make_fullwidth=&#8221;off&#8221; use_custom_width=&#8221;off&#8221; width_unit=&#8221;on&#8221; locked=&#8221;off&#8221;][et_pb_row column_structure=&#8221;1_2,1_2&#8243; make_equal=&#8221;on&#8221; admin_label=&#8221;row&#8221; _builder_version=&#8221;3.25&#8243; background_size=&#8221;initial&#8221; background_position=&#8221;top_left&#8221; background_repeat=&#8221;repeat&#8221;][et_pb_column type=&#8221;1_2&#8243; module_class=&#8221;ds-vertical-align&#8221; _builder_version=&#8221;3.25&#8243; custom_padding=&#8221;|||&#8221; custom_padding__hover=&#8221;|||&#8221;][et_pb_image src=&#8221;https:\/\/thegradschool.com\/site\/wp-content\/uploads\/2017\/09\/logo-TGS.png&#8221; align_tablet=&#8221;center&#8221; align_phone=&#8221;&#8221; align_last_edited=&#8221;on|desktop&#8221; _builder_version=&#8221;3.23&#8243; border_style=&#8221;solid&#8221; sticky=&#8221;off&#8221; always_center_on_mobile=&#8221;on&#8221;][\/et_pb_image][\/et_pb_column][et_pb_column type=&#8221;1_2&#8243; module_class=&#8221;ds-vertical-align&#8221; _builder_version=&#8221;3.25&#8243; custom_padding=&#8221;|||&#8221; custom_padding__hover=&#8221;|||&#8221;][et_pb_text admin_label=&#8221;Datos&#8221; _builder_version=&#8221;4.4.1&#8243; text_line_height=&#8221;1em&#8221; text_orientation=&#8221;right&#8221; background_layout=&#8221;dark&#8221; text_font_size_tablet=&#8221;&#8221; text_font_size_phone=&#8221;13&#8243; text_font_size_last_edited=&#8221;on|phone&#8221; border_style=&#8221;solid&#8221;]<\/p>\n<p style=\"text-align: right;\"><span style=\"font-size: 14px;\">Bogot\u00e1 &#8211; Colombia<\/span><\/p>\n<p style=\"text-align: right;\"><a href=\"mailto:info@thegradschool.com\"><span style=\"color: #ffffff;\">info@thegradschool.com<\/span><br \/><\/a><\/p>\n<p style=\"text-align: right;\"><strong>Whatsapp +57 320 8939038 \/\u00a0+57 313 3903359\u00a0<\/strong><\/p>\n<p>[\/et_pb_text][\/et_pb_column][\/et_pb_row][et_pb_row column_structure=&#8221;1_3,1_3,1_3&#8243; _builder_version=&#8221;4.3.2&#8243; background_size=&#8221;initial&#8221; background_position=&#8221;top_left&#8221; background_repeat=&#8221;repeat&#8221; module_alignment=&#8221;center&#8221; custom_padding=&#8221;||||false|false&#8221;][et_pb_column type=&#8221;1_3&#8243; _builder_version=&#8221;3.25&#8243; custom_padding=&#8221;|||&#8221; custom_padding__hover=&#8221;|||&#8221;][et_pb_blurb title=&#8221;Preparaci\u00f3n para ex\u00e1menes&#8221; url=&#8221;https:\/\/thegradschool.com\/site\/cursos\/&#8221; use_icon=&#8221;on&#8221; font_icon=&#8221;%%254%%&#8221; icon_color=&#8221;#ffffff&#8221; use_icon_font_size=&#8221;on&#8221; icon_font_size=&#8221;50px&#8221; admin_label=&#8221;Anuncio 1&#8243; _builder_version=&#8221;4.3.2&#8243; header_line_height=&#8221;1.7em&#8221; body_line_height=&#8221;2em&#8221; background_color=&#8221;rgba(0,37,119,0.7)&#8221; background_size=&#8221;initial&#8221; background_position=&#8221;top_left&#8221; background_repeat=&#8221;repeat&#8221; text_orientation=&#8221;center&#8221; background_layout=&#8221;dark&#8221; min_height=&#8221;340px&#8221; custom_padding=&#8221;100px||||false|false&#8221; border_style=&#8221;solid&#8221;]<\/p>\n<h4><strong style=\"    line-height: 30px;\">GMAT &#8211; GRE &#8211; IELTS &#8211; TOEFL &#8211; INGL\u00c9S ACAD\u00c9MICO<\/strong><\/h4>\n<p>&nbsp;<\/p>\n<p>[\/et_pb_blurb][\/et_pb_column][et_pb_column type=&#8221;1_3&#8243; _builder_version=&#8221;3.25&#8243; custom_padding=&#8221;|||&#8221; custom_padding__hover=&#8221;|||&#8221;][et_pb_blurb title=&#8221;Nuestra instituci\u00f3n&#8221; url=&#8221;https:\/\/thegradschool.com\/site\/the-gradschool\/&#8221; use_icon=&#8221;on&#8221; font_icon=&#8221;%%259%%&#8221; icon_color=&#8221;#ffffff&#8221; use_icon_font_size=&#8221;on&#8221; icon_font_size=&#8221;50px&#8221; admin_label=&#8221;Anuncio 2&#8243; _builder_version=&#8221;4.0.3&#8243; background_color=&#8221;rgba(112,0,26,0.7)&#8221; background_size=&#8221;initial&#8221; background_position=&#8221;top_left&#8221; background_repeat=&#8221;repeat&#8221; text_orientation=&#8221;center&#8221; background_layout=&#8221;dark&#8221; min_height=&#8221;340px&#8221; custom_padding=&#8221;100px||||false|false&#8221; border_style=&#8221;solid&#8221;]<\/p>\n<h3><strong>CON\u00d3CENOS<br \/><\/strong><\/h3>\n<p>[\/et_pb_blurb][\/et_pb_column][et_pb_column type=&#8221;1_3&#8243; _builder_version=&#8221;3.25&#8243; custom_padding=&#8221;|||&#8221; custom_padding__hover=&#8221;|||&#8221;][et_pb_blurb title=&#8221;Pregrados, Posgrados y Doctorados en el exterior&#8221; url=&#8221;https:\/\/thegradschool.com\/site\/asesoria\/&#8221; use_icon=&#8221;on&#8221; font_icon=&#8221;%%289%%&#8221; icon_color=&#8221;#ffffff&#8221; use_icon_font_size=&#8221;on&#8221; icon_font_size=&#8221;50px&#8221; admin_label=&#8221;Anuncio 3&#8243; _builder_version=&#8221;4.0.3&#8243; background_color=&#8221;rgba(0,147,147,0.7)&#8221; background_size=&#8221;initial&#8221; background_position=&#8221;top_left&#8221; background_repeat=&#8221;repeat&#8221; text_orientation=&#8221;center&#8221; background_layout=&#8221;dark&#8221; min_height=&#8221;340px&#8221; custom_padding=&#8221;100px||||false|false&#8221; border_style=&#8221;solid&#8221;]<\/p>\n<h3><strong>Asesor\u00eda para la aplicaci\u00f3n<\/strong><\/h3>\n<p>[\/et_pb_blurb][\/et_pb_column][\/et_pb_row][\/et_pb_section]<\/p>\n","protected":false},"excerpt":{"rendered":"<p>[et_pb_section fb_built=&#8221;1&#8243; _builder_version=&#8221;4.0.3&#8243; background_color=&#8221;#0c71c3&#8243;][et_pb_row _builder_version=&#8221;4.0.3&#8243;][et_pb_column type=&#8221;4_4&#8243; _builder_version=&#8221;4.0.3&#8243;][et_pb_text admin_label=&#8221;Curso Online&#8221; _builder_version=&#8221;4.4.2&#8243;] Curso Online [\/et_pb_text][\/et_pb_column][\/et_pb_row][\/et_pb_section][et_pb_section fb_built=&#8221;1&#8243; admin_label=&#8221;section&#8221; _builder_version=&#8221;4.0.3&#8243; background_image=&#8221;https:\/\/thegradschool.com\/site\/wp-content\/uploads\/2019\/12\/internationalclass-1.jpg&#8221; background_position=&#8221;top_center&#8221; custom_padding=&#8221;0px||0px|&#8221;][et_pb_row column_padding_mobile=&#8221;on&#8221; custom_padding_last_edited=&#8221;on|desktop&#8221; admin_label=&#8221;row&#8221; _builder_version=&#8221;4.0.3&#8243; background_enable_color=&#8221;off&#8221; background_size=&#8221;initial&#8221; background_position=&#8221;top_left&#8221; background_repeat=&#8221;repeat&#8221; custom_padding=&#8221;150px||44px|&#8221; custom_padding_tablet=&#8221;100px||100px|&#8221; custom_padding_phone=&#8221;100px|0px|100px|0px&#8221;][et_pb_column type=&#8221;4_4&#8243; _builder_version=&#8221;3.25&#8243; custom_padding=&#8221;|||&#8221; custom_padding__hover=&#8221;|||&#8221;][et_pb_text admin_label=&#8221;Logo&#8221; _builder_version=&#8221;4.0.3&#8243; background_enable_color=&#8221;off&#8221;] [\/et_pb_text][et_pb_text admin_label=&#8221;eap&#8221; _builder_version=&#8221;4.0.3&#8243;] English for Academic Purposes [\/et_pb_text][et_pb_text admin_label=&#8221;mejora eficaz&#8221; _builder_version=&#8221;4.0.3&#8243; background_color=&#8221;rgba(255,255,255,0.5)&#8221; custom_padding=&#8221;10px|10px|10px|10px|false|false&#8221;] Mejora de forma eficaz tus [&hellip;]<\/p>\n","protected":false},"author":8,"featured_media":0,"parent":0,"menu_order":0,"comment_status":"closed","ping_status":"closed","template":"","meta":{"_et_pb_use_builder":"on","_et_pb_old_content":"<p>Nuestra oficinas en <strong>Bogot\u00e1<\/strong> (Colombia), <strong>Caracas <\/strong>(Venezuela), y en <strong>Ciudad de Mexico<\/strong> brindan asesor\u00eda y acompa\u00f1amiento en el proceso de aplicaci\u00f3n a todas las universidades que representamos.<\/p><p>Nuestros servicios de Asesor\u00eda incluyen:<\/p><ul><li>Orientaci\u00f3n para la elecci\u00f3n del programa<\/li><li>Asesor\u00eda personalizada durante el proceso de aplicaci\u00f3n<\/li><li>Revisi\u00f3n de documentaci\u00f3n y orientaci\u00f3n para el tramite de visas<\/li><\/ul>","_et_gb_content_width":"","content-type":"","_joinchat":[],"footnotes":""},"class_list":["post-27282","page","type-page","status-publish","hentry"],"aioseo_notices":[],"_links":{"self":[{"href":"https:\/\/thegradschool.com\/site\/wp-json\/wp\/v2\/pages\/27282","targetHints":{"allow":["GET"]}}],"collection":[{"href":"https:\/\/thegradschool.com\/site\/wp-json\/wp\/v2\/pages"}],"about":[{"href":"https:\/\/thegradschool.com\/site\/wp-json\/wp\/v2\/types\/page"}],"author":[{"embeddable":true,"href":"https:\/\/thegradschool.com\/site\/wp-json\/wp\/v2\/users\/8"}],"replies":[{"embeddable":true,"href":"https:\/\/thegradschool.com\/site\/wp-json\/wp\/v2\/comments?post=27282"}],"version-history":[{"count":4,"href":"https:\/\/thegradschool.com\/site\/wp-json\/wp\/v2\/pages\/27282\/revisions"}],"predecessor-version":[{"id":34014,"href":"https:\/\/thegradschool.com\/site\/wp-json\/wp\/v2\/pages\/27282\/revisions\/34014"}],"wp:attachment":[{"href":"https:\/\/thegradschool.com\/site\/wp-json\/wp\/v2\/media?parent=27282"}],"curies":[{"name":"wp","href":"https:\/\/api.w.org\/{rel}","templated":true}]}}