{"id":28420,"date":"2017-06-16T22:50:32","date_gmt":"2017-06-16T22:50:32","guid":{"rendered":"https:\/\/thegradschool.com\/site\/?page_id=28420"},"modified":"2024-06-14T18:12:37","modified_gmt":"2024-06-14T23:12:37","slug":"estudie-en-europa","status":"publish","type":"page","link":"https:\/\/thegradschool.com\/site\/estudie-en-europa\/","title":{"rendered":"Estudios en Europa"},"content":{"rendered":"<p>[et_pb_section fb_built=&#8221;1&#8243; admin_label=&#8221;section&#8221; _builder_version=&#8221;3.22&#8243; background_image=&#8221;https:\/\/thegradschool.com\/site\/wp-content\/uploads\/2017\/06\/back-estudie-europa.jpg&#8221; custom_padding=&#8221;170px|0px|54px|0px&#8221;][et_pb_row admin_label=&#8221;row&#8221; _builder_version=&#8221;3.25&#8243; background_size=&#8221;initial&#8221; background_position=&#8221;top_left&#8221; background_repeat=&#8221;repeat&#8221; custom_padding=&#8221;27px|0px|0px|0px&#8221;][et_pb_column type=&#8221;4_4&#8243; _builder_version=&#8221;3.25&#8243; custom_padding=&#8221;|||&#8221; custom_padding__hover=&#8221;|||&#8221;][et_pb_text admin_label=&#8221;Texto&#8221; _builder_version=&#8221;4.4.2&#8243; header_font_size=&#8221;40px&#8221; background_size=&#8221;initial&#8221; background_position=&#8221;top_left&#8221; background_repeat=&#8221;repeat&#8221; text_orientation=&#8221;center&#8221; module_alignment=&#8221;center&#8221; use_border_color=&#8221;off&#8221; border_color=&#8221;#ffffff&#8221; border_style=&#8221;solid&#8221;]<\/p>\n<h1>Estudios en Italia<\/h1>\n<p>[\/et_pb_text][et_pb_text admin_label=&#8221;Texto&#8221; _builder_version=&#8221;3.27.4&#8243; text_text_color=&#8221;#686868&#8243; text_font_size=&#8221;20&#8243; text_line_height=&#8221;1.8em&#8221; background_size=&#8221;initial&#8221; background_position=&#8221;top_left&#8221; background_repeat=&#8221;repeat&#8221; text_orientation=&#8221;center&#8221; max_width=&#8221;900px&#8221; module_alignment=&#8221;center&#8221;] En Europa est\u00e1n las universidades m\u00e1s antiguas del mundo, siendo Italia el pa\u00eds que proporcionalmente cuenta m\u00e1s en su haber. La oferta formativa es muy variada y, en algunos casos, se puede hacer un pregrado y un posgrado a un menor costo que en Colombia. [\/et_pb_text][\/et_pb_column][\/et_pb_row][\/et_pb_section][et_pb_section fb_built=&#8221;1&#8243; admin_label=&#8221;section&#8221; _builder_version=&#8221;3.22&#8243;][et_pb_row column_structure=&#8221;1_4,1_4,1_4,1_4&#8243; use_custom_gutter=&#8221;on&#8221; gutter_width=&#8221;1&#8243; admin_label=&#8221;row&#8221; _builder_version=&#8221;3.25&#8243; background_size=&#8221;initial&#8221; background_position=&#8221;top_left&#8221; background_repeat=&#8221;repeat&#8221; custom_padding=&#8221;0px|0px|20px|0px&#8221; make_fullwidth=&#8221;off&#8221; use_custom_width=&#8221;off&#8221; width_unit=&#8221;on&#8221;][et_pb_column type=&#8221;1_4&#8243; _builder_version=&#8221;3.25&#8243; custom_padding=&#8221;|||&#8221; custom_padding__hover=&#8221;|||&#8221;][et_pb_image src=&#8221;https:\/\/thegradschool.com\/site\/wp-content\/uploads\/2017\/06\/un_bocconi.jpg&#8221; align_tablet=&#8221;center&#8221; align_phone=&#8221;&#8221; align_last_edited=&#8221;on|desktop&#8221; admin_label=&#8221;Bocconi&#8221; _builder_version=&#8221;3.23&#8243; animation_style=&#8221;slide&#8221; animation_direction=&#8221;left&#8221; animation_duration=&#8221;500ms&#8221; animation_intensity_slide=&#8221;10%&#8221;][\/et_pb_image][et_pb_button button_url=&#8221;https:\/\/thegradschool.com\/site\/web-page-sda-bocconi\/&#8221; url_new_window=&#8221;on&#8221; button_text=&#8221;Asesor\u00eda gratuita&#8221; button_alignment=&#8221;center&#8221; _builder_version=&#8221;4.4.2&#8243;][\/et_pb_button][\/et_pb_column][et_pb_column type=&#8221;1_4&#8243; _builder_version=&#8221;3.25&#8243; custom_padding=&#8221;|||&#8221; custom_padding__hover=&#8221;|||&#8221;][et_pb_text admin_label=&#8221;Texto&#8221; _builder_version=&#8221;3.27.4&#8243; background_size=&#8221;initial&#8221; background_position=&#8221;top_left&#8221; background_repeat=&#8221;repeat&#8221;]<em>La escuela de negocios SDA Bocconi ofrece formaci\u00f3n a nivel de posgrado en administraci\u00f3n y su excelencia acad\u00e9mica se ve reflejada en los primeros puestos en rankings tan importantes como el de The Economist, Bloomberg Business Week, Forbes y Financial Times.<\/em><br \/>\n[\/et_pb_text][\/et_pb_column][et_pb_column type=&#8221;1_4&#8243; _builder_version=&#8221;3.25&#8243; custom_padding=&#8221;|||&#8221; custom_padding__hover=&#8221;|||&#8221;][et_pb_image src=&#8221;https:\/\/thegradschool.com\/site\/wp-content\/uploads\/2024\/06\/Logo-Orizzontale-RGB-150&#215;150-1.png&#8221; align_tablet=&#8221;center&#8221; align_phone=&#8221;&#8221; align_last_edited=&#8221;on|desktop&#8221; admin_label=&#8221;Cattolica&#8221; _builder_version=&#8221;4.4.2&#8243; custom_margin=&#8221;-26px|17px|-112px|-14px|false|false&#8221; custom_padding=&#8221;0px|0px|35px|45px|false|false&#8221; animation_style=&#8221;slide&#8221; animation_direction=&#8221;left&#8221; animation_duration=&#8221;500ms&#8221; animation_intensity_slide=&#8221;10%&#8221; hover_enabled=&#8221;0&#8243; use_border_color=&#8221;off&#8221; border_color=&#8221;#ffffff&#8221; border_style=&#8221;solid&#8221; animation=&#8221;left&#8221; sticky=&#8221;off&#8221; always_center_on_mobile=&#8221;on&#8221;][\/et_pb_image][et_pb_button button_url=&#8221;https:\/\/thegradschool.com\/site\/web-page-universita-cattolica-del-sacro-cuore\/&#8221; url_new_window=&#8221;on&#8221; button_text=&#8221;Asesor\u00eda gratuita&#8221; button_alignment=&#8221;center&#8221; _builder_version=&#8221;4.4.2&#8243; custom_margin=&#8221;30px||||false|false&#8221;][\/et_pb_button][\/et_pb_column][et_pb_column type=&#8221;1_4&#8243; _builder_version=&#8221;3.25&#8243; custom_padding=&#8221;|||&#8221; custom_padding__hover=&#8221;|||&#8221;][et_pb_text admin_label=&#8221;Texto&#8221; _builder_version=&#8221;3.27.4&#8243; background_size=&#8221;initial&#8221; background_position=&#8221;top_left&#8221; background_repeat=&#8221;repeat&#8221; use_border_color=&#8221;off&#8221; border_color=&#8221;#ffffff&#8221; border_style=&#8221;solid&#8221;]<em>La universidad privada m\u00e1s grande de Europa cuenta con m\u00e1s de 41,000 estudiantes y 5 campus. Ofrece programas de pregrado y posgrado en todas las \u00e1reas de las ciencias sociales y medicina. <\/em><\/p>\n<p><em>Entre sus egresados est\u00e1 el Ex Presidente de la Comisi\u00f3n Europea, Romano Prodi.<\/em><br \/>\n[\/et_pb_text][\/et_pb_column][\/et_pb_row][et_pb_row admin_label=&#8221;Fila&#8221; _builder_version=&#8221;3.25&#8243; background_size=&#8221;initial&#8221; background_position=&#8221;top_left&#8221; background_repeat=&#8221;repeat&#8221;][et_pb_column type=&#8221;4_4&#8243; _builder_version=&#8221;3.25&#8243; custom_padding=&#8221;|||&#8221; custom_padding__hover=&#8221;|||&#8221;][et_pb_divider color=&#8221;#dddddd&#8221; disabled_on=&#8221;on|on|off&#8221; admin_label=&#8221;Separador&#8221; _builder_version=&#8221;3.2&#8243;][\/et_pb_divider][\/et_pb_column][\/et_pb_row][et_pb_row column_structure=&#8221;1_4,1_4,1_4,1_4&#8243; use_custom_gutter=&#8221;on&#8221; gutter_width=&#8221;1&#8243; admin_label=&#8221;row&#8221; _builder_version=&#8221;3.25&#8243; background_size=&#8221;initial&#8221; background_position=&#8221;top_left&#8221; background_repeat=&#8221;repeat&#8221; custom_padding=&#8221;|0px|20px|0px&#8221; make_fullwidth=&#8221;off&#8221; use_custom_width=&#8221;off&#8221; width_unit=&#8221;on&#8221;][et_pb_column type=&#8221;1_4&#8243; _builder_version=&#8221;3.25&#8243; custom_padding=&#8221;|||&#8221; custom_padding__hover=&#8221;|||&#8221;][et_pb_image src=&#8221;https:\/\/thegradschool.com\/site\/wp-content\/uploads\/2017\/06\/un_politecnico.jpg&#8221; align_tablet=&#8221;center&#8221; align_phone=&#8221;&#8221; align_last_edited=&#8221;on|desktop&#8221; admin_label=&#8221;Politecnico&#8221; _builder_version=&#8221;3.23&#8243; animation_style=&#8221;slide&#8221; animation_direction=&#8221;left&#8221; animation_duration=&#8221;500ms&#8221; animation_intensity_slide=&#8221;10%&#8221;][\/et_pb_image][et_pb_button button_url=&#8221;https:\/\/thegradschool.com\/site\/web-page-politecnico-de-milan\/&#8221; url_new_window=&#8221;on&#8221; button_text=&#8221;Asesor\u00eda gratuita&#8221; button_alignment=&#8221;center&#8221; _builder_version=&#8221;4.4.2&#8243;][\/et_pb_button][\/et_pb_column][et_pb_column type=&#8221;1_4&#8243; _builder_version=&#8221;3.25&#8243; custom_padding=&#8221;|||&#8221; custom_padding__hover=&#8221;|||&#8221;][et_pb_text admin_label=&#8221;Texto&#8221; _builder_version=&#8221;3.27.4&#8243; background_size=&#8221;initial&#8221; background_position=&#8221;top_left&#8221; background_repeat=&#8221;repeat&#8221; use_border_color=&#8221;off&#8221; border_color=&#8221;#ffffff&#8221; border_style=&#8221;solid&#8221;]<em>Establecido en 1863, es una universidad que ofrece formaci\u00f3n en Ingenier\u00eda, Arquitectura y Dise\u00f1o. <\/em><\/p>\n<p><em>De acuerdo con el ranking QS, es la mejor universidad de Italia, est\u00e1 entre las mejores 10 universidades t\u00e9cnicas de Europa y entre las mejores 25 instituciones t\u00e9cnicas a nivel mundial.<\/em><br \/>\n[\/et_pb_text][\/et_pb_column][et_pb_column type=&#8221;1_4&#8243; _builder_version=&#8221;3.25&#8243; custom_padding=&#8221;|||&#8221; custom_padding__hover=&#8221;|||&#8221;][\/et_pb_column][et_pb_column type=&#8221;1_4&#8243; _builder_version=&#8221;3.25&#8243; custom_padding=&#8221;|||&#8221; custom_padding__hover=&#8221;|||&#8221;][\/et_pb_column][\/et_pb_row][\/et_pb_section][et_pb_section fb_built=&#8221;1&#8243; custom_padding_last_edited=&#8221;on|desktop&#8221; parallax_method_1=&#8221;off&#8221; parallax_method_2=&#8221;off&#8221; parallax_method_3=&#8221;off&#8221; disabled_on=&#8221;off|off|off&#8221; admin_label=&#8221;Section&#8221; module_id=&#8221;contacto-form&#8221; _builder_version=&#8221;4.4.1&#8243; background_color=&#8221;#aaaaaa&#8221; custom_padding=&#8221;0px||0px|&#8221; custom_padding_tablet=&#8221;&#8221; custom_padding_phone=&#8221;20px||30px|&#8221; transparent_background=&#8221;off&#8221; make_fullwidth=&#8221;off&#8221; use_custom_width=&#8221;off&#8221; width_unit=&#8221;on&#8221; locked=&#8221;off&#8221;][et_pb_row column_structure=&#8221;1_2,1_2&#8243; make_equal=&#8221;on&#8221; admin_label=&#8221;row&#8221; _builder_version=&#8221;3.25&#8243; background_size=&#8221;initial&#8221; background_position=&#8221;top_left&#8221; background_repeat=&#8221;repeat&#8221;][et_pb_column type=&#8221;1_2&#8243; module_class=&#8221;ds-vertical-align&#8221; _builder_version=&#8221;3.25&#8243; custom_padding=&#8221;|||&#8221; custom_padding__hover=&#8221;|||&#8221;][et_pb_image src=&#8221;https:\/\/thegradschool.com\/site\/wp-content\/uploads\/2017\/09\/logo-TGS.png&#8221; align_tablet=&#8221;center&#8221; align_phone=&#8221;&#8221; align_last_edited=&#8221;on|desktop&#8221; _builder_version=&#8221;3.23&#8243; border_style=&#8221;solid&#8221; sticky=&#8221;off&#8221; always_center_on_mobile=&#8221;on&#8221;][\/et_pb_image][\/et_pb_column][et_pb_column type=&#8221;1_2&#8243; module_class=&#8221;ds-vertical-align&#8221; _builder_version=&#8221;3.25&#8243; custom_padding=&#8221;|||&#8221; custom_padding__hover=&#8221;|||&#8221;][et_pb_text admin_label=&#8221;Datos&#8221; _builder_version=&#8221;4.4.2&#8243; text_line_height=&#8221;1em&#8221; text_orientation=&#8221;right&#8221; background_layout=&#8221;dark&#8221; text_font_size_tablet=&#8221;&#8221; text_font_size_phone=&#8221;13&#8243; text_font_size_last_edited=&#8221;on|phone&#8221; border_style=&#8221;solid&#8221;]<\/p>\n<p style=\"text-align: right;\">Bogot\u00e1 &#8211; Colombia<\/p>\n<p style=\"text-align: right;\"><a href=\"mailto:info@thegradschool.com\"><span style=\"color: #ffffff;\">info@thegradschool.com<\/span><br \/> <\/a><\/p>\n<p style=\"text-align: right;\"><strong>Whatsapp +57 3208939038<\/strong><\/p>\n<p>[\/et_pb_text][\/et_pb_column][\/et_pb_row][et_pb_row column_structure=&#8221;1_3,1_3,1_3&#8243; _builder_version=&#8221;4.3.2&#8243; background_size=&#8221;initial&#8221; background_position=&#8221;top_left&#8221; background_repeat=&#8221;repeat&#8221; module_alignment=&#8221;center&#8221; custom_padding=&#8221;||||false|false&#8221;][et_pb_column type=&#8221;1_3&#8243; _builder_version=&#8221;3.25&#8243; custom_padding=&#8221;|||&#8221; custom_padding__hover=&#8221;|||&#8221;][et_pb_blurb title=&#8221;Preparaci\u00f3n para ex\u00e1menes&#8221; url=&#8221;https:\/\/thegradschool.com\/site\/cursos\/&#8221; use_icon=&#8221;on&#8221; font_icon=&#8221;%%254%%&#8221; icon_color=&#8221;#ffffff&#8221; use_icon_font_size=&#8221;on&#8221; icon_font_size=&#8221;50px&#8221; admin_label=&#8221;Anuncio 1&#8243; _builder_version=&#8221;4.3.2&#8243; header_line_height=&#8221;1.7em&#8221; body_line_height=&#8221;2em&#8221; background_color=&#8221;rgba(0,37,119,0.7)&#8221; background_size=&#8221;initial&#8221; background_position=&#8221;top_left&#8221; background_repeat=&#8221;repeat&#8221; text_orientation=&#8221;center&#8221; background_layout=&#8221;dark&#8221; min_height=&#8221;340px&#8221; custom_padding=&#8221;100px||||false|false&#8221; border_style=&#8221;solid&#8221;]<\/p>\n<h4><strong style=\"    line-height: 30px;\">GMAT &#8211; GRE &#8211; IELTS &#8211; TOEFL &#8211; INGL\u00c9S ACAD\u00c9MICO<\/strong><\/h4>\n<p>&nbsp;<\/p>\n<p>[\/et_pb_blurb][\/et_pb_column][et_pb_column type=&#8221;1_3&#8243; _builder_version=&#8221;3.25&#8243; custom_padding=&#8221;|||&#8221; custom_padding__hover=&#8221;|||&#8221;][et_pb_blurb title=&#8221;Nuestra instituci\u00f3n&#8221; url=&#8221;https:\/\/thegradschool.com\/site\/the-gradschool\/&#8221; use_icon=&#8221;on&#8221; font_icon=&#8221;%%259%%&#8221; icon_color=&#8221;#ffffff&#8221; use_icon_font_size=&#8221;on&#8221; icon_font_size=&#8221;50px&#8221; admin_label=&#8221;Anuncio 2&#8243; _builder_version=&#8221;4.0.3&#8243; background_color=&#8221;rgba(112,0,26,0.7)&#8221; background_size=&#8221;initial&#8221; background_position=&#8221;top_left&#8221; background_repeat=&#8221;repeat&#8221; text_orientation=&#8221;center&#8221; background_layout=&#8221;dark&#8221; min_height=&#8221;340px&#8221; custom_padding=&#8221;100px||||false|false&#8221; border_style=&#8221;solid&#8221;]<\/p>\n<h3><strong>CON\u00d3CENOS<br \/><\/strong><\/h3>\n<p>[\/et_pb_blurb][\/et_pb_column][et_pb_column type=&#8221;1_3&#8243; _builder_version=&#8221;3.25&#8243; custom_padding=&#8221;|||&#8221; custom_padding__hover=&#8221;|||&#8221;][et_pb_blurb title=&#8221;Pregrados, Posgrados y Doctorados en el exterior&#8221; url=&#8221;https:\/\/thegradschool.com\/site\/asesoria\/&#8221; use_icon=&#8221;on&#8221; font_icon=&#8221;%%289%%&#8221; icon_color=&#8221;#ffffff&#8221; use_icon_font_size=&#8221;on&#8221; icon_font_size=&#8221;50px&#8221; admin_label=&#8221;Anuncio 3&#8243; _builder_version=&#8221;4.0.3&#8243; background_color=&#8221;rgba(0,147,147,0.7)&#8221; background_size=&#8221;initial&#8221; background_position=&#8221;top_left&#8221; background_repeat=&#8221;repeat&#8221; text_orientation=&#8221;center&#8221; background_layout=&#8221;dark&#8221; min_height=&#8221;340px&#8221; custom_padding=&#8221;100px||||false|false&#8221; border_style=&#8221;solid&#8221;]<\/p>\n<h3><strong>Asesor\u00eda para la aplicaci\u00f3n<\/strong><\/h3>\n<p>[\/et_pb_blurb][\/et_pb_column][\/et_pb_row][\/et_pb_section]<\/p>\n","protected":false},"excerpt":{"rendered":"<p>[et_pb_section fb_built=&#8221;1&#8243; admin_label=&#8221;section&#8221; _builder_version=&#8221;3.22&#8243; background_image=&#8221;https:\/\/thegradschool.com\/site\/wp-content\/uploads\/2017\/06\/back-estudie-europa.jpg&#8221; custom_padding=&#8221;170px|0px|54px|0px&#8221;][et_pb_row admin_label=&#8221;row&#8221; _builder_version=&#8221;3.25&#8243; background_size=&#8221;initial&#8221; background_position=&#8221;top_left&#8221; background_repeat=&#8221;repeat&#8221; custom_padding=&#8221;27px|0px|0px|0px&#8221;][et_pb_column type=&#8221;4_4&#8243; _builder_version=&#8221;3.25&#8243; custom_padding=&#8221;|||&#8221; custom_padding__hover=&#8221;|||&#8221;][et_pb_text admin_label=&#8221;Texto&#8221; _builder_version=&#8221;4.4.2&#8243; header_font_size=&#8221;40px&#8221; background_size=&#8221;initial&#8221; background_position=&#8221;top_left&#8221; background_repeat=&#8221;repeat&#8221; text_orientation=&#8221;center&#8221; module_alignment=&#8221;center&#8221; use_border_color=&#8221;off&#8221; border_color=&#8221;#ffffff&#8221; border_style=&#8221;solid&#8221;] Estudios en Italia [\/et_pb_text][et_pb_text admin_label=&#8221;Texto&#8221; _builder_version=&#8221;3.27.4&#8243; text_text_color=&#8221;#686868&#8243; text_font_size=&#8221;20&#8243; text_line_height=&#8221;1.8em&#8221; background_size=&#8221;initial&#8221; background_position=&#8221;top_left&#8221; background_repeat=&#8221;repeat&#8221; text_orientation=&#8221;center&#8221; max_width=&#8221;900px&#8221; module_alignment=&#8221;center&#8221;] En Europa est\u00e1n las universidades m\u00e1s antiguas del mundo, siendo Italia el pa\u00eds [&hellip;]<\/p>\n","protected":false},"author":8,"featured_media":0,"parent":0,"menu_order":0,"comment_status":"closed","ping_status":"closed","template":"","meta":{"_et_pb_use_builder":"on","_et_pb_old_content":"","_et_gb_content_width":"","content-type":"","_joinchat":[],"footnotes":""},"class_list":["post-28420","page","type-page","status-publish","hentry"],"aioseo_notices":[],"_links":{"self":[{"href":"https:\/\/thegradschool.com\/site\/wp-json\/wp\/v2\/pages\/28420","targetHints":{"allow":["GET"]}}],"collection":[{"href":"https:\/\/thegradschool.com\/site\/wp-json\/wp\/v2\/pages"}],"about":[{"href":"https:\/\/thegradschool.com\/site\/wp-json\/wp\/v2\/types\/page"}],"author":[{"embeddable":true,"href":"https:\/\/thegradschool.com\/site\/wp-json\/wp\/v2\/users\/8"}],"replies":[{"embeddable":true,"href":"https:\/\/thegradschool.com\/site\/wp-json\/wp\/v2\/comments?post=28420"}],"version-history":[{"count":12,"href":"https:\/\/thegradschool.com\/site\/wp-json\/wp\/v2\/pages\/28420\/revisions"}],"predecessor-version":[{"id":35883,"href":"https:\/\/thegradschool.com\/site\/wp-json\/wp\/v2\/pages\/28420\/revisions\/35883"}],"wp:attachment":[{"href":"https:\/\/thegradschool.com\/site\/wp-json\/wp\/v2\/media?parent=28420"}],"curies":[{"name":"wp","href":"https:\/\/api.w.org\/{rel}","templated":true}]}}