{"id":29274,"date":"2021-08-09T17:47:39","date_gmt":"2021-08-09T22:47:39","guid":{"rendered":"https:\/\/thegradschool.com\/site\/?page_id=29274"},"modified":"2021-08-09T17:54:15","modified_gmt":"2021-08-09T22:54:15","slug":"staff","status":"publish","type":"page","link":"https:\/\/thegradschool.com\/site\/staff\/","title":{"rendered":"Staff"},"content":{"rendered":"<p>[et_pb_section fb_built=&#8221;1&#8243; admin_label=&#8221;Section&#8221; _builder_version=&#8221;3.22&#8243; background_color=&#8221;#f7f7f7&#8243; custom_padding=&#8221;0px||0px|&#8221; custom_padding_tablet=&#8221;0px||0px|&#8221; padding_mobile=&#8221;on&#8221;][et_pb_row column_padding_mobile=&#8221;on&#8221; admin_label=&#8221;Row&#8221; _builder_version=&#8221;3.25&#8243; background_size=&#8221;initial&#8221; background_position=&#8221;top_left&#8221; background_repeat=&#8221;repeat&#8221; custom_padding=&#8221;85px||35px|&#8221; custom_padding_tablet=&#8221;80px||0px|&#8221; custom_padding_phone=&#8221;73px|0px|0px|0px&#8221;][et_pb_column type=&#8221;4_4&#8243; _builder_version=&#8221;3.25&#8243; custom_padding=&#8221;|||&#8221; custom_padding__hover=&#8221;|||&#8221;][et_pb_text admin_label=&#8221;The Grad School (texto)&#8221; _builder_version=&#8221;3.27.4&#8243; text_font_size=&#8221;18&#8243; background_size=&#8221;initial&#8221; background_position=&#8221;top_left&#8221; background_repeat=&#8221;repeat&#8221; text_orientation=&#8221;justified&#8221; use_border_color=&#8221;off&#8221; border_color=&#8221;#ffffff&#8221; border_style=&#8221;solid&#8221;]Nuestro equipo multidisciplinario est\u00e1 compuesto por profesionales altamente calificados. Nuestros asesores han estudiado en las mejores universidades a nivel mundial, han participado en comit\u00e9s de admisi\u00f3n de diferentes programas o comit\u00e9s de selecci\u00f3n para becas acad\u00e9micas en Colombia.<br \/>\n[\/et_pb_text][et_pb_divider color=&#8221;#bcbcbc&#8221; divider_weight=&#8221;2px&#8221; admin_label=&#8221;Divider fino gris #bcbcbc&#8221; _builder_version=&#8221;3.23.4&#8243; height=&#8221;2px&#8221; hide_on_mobile=&#8221;off&#8221;][\/et_pb_divider][et_pb_toggle title=&#8221;Maria Cecilia Pineda &#8211; Directora de The Grad School&#8221; open_toggle_text_color=&#8221;#000000&#8243; open_toggle_background_color=&#8221;#f7f7f7&#8243; closed_toggle_text_color=&#8221;#000000&#8243; closed_toggle_background_color=&#8221;#f7f7f7&#8243; icon_color=&#8221;#545454&#8243; admin_label=&#8221;Maria Cecilia Pineda &#8211; Directora de THE GRAD SCHOOL&#8221; _builder_version=&#8221;4.4.2&#8243; title_text_color=&#8221;#000000&#8243; title_font=&#8221;Open Sans||||&#8221; title_font_size=&#8221;24&#8243; body_font=&#8221;Open Sans||||&#8221; body_text_color=&#8221;#666666&#8243; body_font_size=&#8221;18&#8243; body_line_height=&#8221;1.6em&#8221; background_size=&#8221;initial&#8221; background_position=&#8221;top_left&#8221; background_repeat=&#8221;repeat&#8221; custom_padding=&#8221;2px|0px|2px|0px&#8221; title_font_size_tablet=&#8221;18&#8243; custom_css_toggle_icon=&#8221;font-size:20px;||&#8221; border_width_all=&#8221;1px&#8221; border_color_all=&#8221;#f7f7f7&#8243; border_style_all=&#8221;solid&#8221; use_border_color=&#8221;on&#8221; border_color=&#8221;#f7f7f7&#8243;]Economista de la Universidad de los Andes con una especializaci\u00f3n en Econom\u00eda Pol\u00edtica Internacional de la Universidad de Chicago. Ha sido becaria de varias instituciones a todo lo largo de sus estudios entre las cuales est\u00e1n: Colfuturo, la Universidad de Chicago y la IBM Colombia. Fue profesora de econom\u00eda internacional de la Universidad del Rosario y trabaj\u00f3 durante tres a\u00f1os para el Programa de Medio Ambiente de Naciones Unidas en Ginebra.<br \/>\n[\/et_pb_toggle][et_pb_divider color=&#8221;#bcbcbc&#8221; divider_weight=&#8221;2px&#8221; admin_label=&#8221;Divider fino gris #bcbcbc&#8221; _builder_version=&#8221;3.23.4&#8243; height=&#8221;2px&#8221; hide_on_mobile=&#8221;off&#8221;][\/et_pb_divider][et_pb_toggle title=&#8221;Laura Rodr\u00edguez &#8211; Asesora Acad\u00e9mica&#8221; open_toggle_text_color=&#8221;#000000&#8243; open_toggle_background_color=&#8221;#f7f7f7&#8243; closed_toggle_text_color=&#8221;#000000&#8243; closed_toggle_background_color=&#8221;#f7f7f7&#8243; icon_color=&#8221;#545454&#8243; admin_label=&#8221;Ricardo Charry &#8211; Director Comercial y Acad\u00e9mico&#8221; _builder_version=&#8221;4.4.2&#8243; title_text_color=&#8221;#000000&#8243; title_font=&#8221;Open Sans||||&#8221; title_font_size=&#8221;24&#8243; body_font=&#8221;Open Sans||||&#8221; body_text_color=&#8221;#666666&#8243; body_font_size=&#8221;18&#8243; body_line_height=&#8221;1.6em&#8221; background_size=&#8221;initial&#8221; background_position=&#8221;top_left&#8221; background_repeat=&#8221;repeat&#8221; custom_padding=&#8221;2px|0px|2px|0px&#8221; title_font_size_tablet=&#8221;18&#8243; custom_css_toggle_icon=&#8221;font-size:20px;||&#8221; border_width_all=&#8221;1px&#8221; border_color_all=&#8221;#f7f7f7&#8243; border_style_all=&#8221;solid&#8221; use_border_color=&#8221;on&#8221; border_color=&#8221;#f7f7f7&#8243;][\/et_pb_toggle][et_pb_divider color=&#8221;#bcbcbc&#8221; divider_weight=&#8221;2px&#8221; admin_label=&#8221;Divider fino gris #bcbcbc&#8221; _builder_version=&#8221;3.23.4&#8243; height=&#8221;2px&#8221; hide_on_mobile=&#8221;off&#8221;][\/et_pb_divider][et_pb_toggle title=&#8221;Diana Garc\u00eda &#8211; Asesora Acad\u00e9mica&#8221; open_toggle_text_color=&#8221;#000000&#8243; open_toggle_background_color=&#8221;#f7f7f7&#8243; closed_toggle_text_color=&#8221;#000000&#8243; closed_toggle_background_color=&#8221;#f7f7f7&#8243; icon_color=&#8221;#545454&#8243; admin_label=&#8221;Daniela Helmsdorff Garota &#8211; Asesora Acad\u00e9mica&#8221; _builder_version=&#8221;4.4.2&#8243; title_text_color=&#8221;#000000&#8243; title_font=&#8221;Open Sans||||&#8221; title_font_size=&#8221;24&#8243; body_font=&#8221;Open Sans||||&#8221; body_text_color=&#8221;#666666&#8243; body_font_size=&#8221;18&#8243; body_line_height=&#8221;1.6em&#8221; background_size=&#8221;initial&#8221; background_position=&#8221;top_left&#8221; background_repeat=&#8221;repeat&#8221; custom_padding=&#8221;2px|0px|2px|0px&#8221; title_font_size_tablet=&#8221;18&#8243; custom_css_toggle_icon=&#8221;font-size:20px;||&#8221; border_width_all=&#8221;1px&#8221; border_color_all=&#8221;#f7f7f7&#8243; border_style_all=&#8221;solid&#8221; use_border_color=&#8221;on&#8221; border_color=&#8221;#f7f7f7&#8243;]Polit\u00f3loga de la Universidad de los Andes con un certificado en ense\u00f1anza de ingl\u00e9s para adultos (CELTA) de la Universidad de Cambrigde. Fue profesora de ingl\u00e9s e italiano en la Universidad Externado de Colombia. Tambi\u00e9n ha trabajado como profesora de c\u00e1tedra de la Universidad Nacional de Colombia en Bogot\u00e1. Trabaj\u00f3 como Directora Administrativa de la Escuela Teatro Libre y como actriz del Teatro Libre. Candidata a Magister en Educaci\u00f3n de la Universidad de los Andes.<br \/>\n[\/et_pb_toggle][et_pb_divider color=&#8221;#bcbcbc&#8221; divider_weight=&#8221;2px&#8221; admin_label=&#8221;Divider fino gris #bcbcbc&#8221; _builder_version=&#8221;3.23.4&#8243; height=&#8221;2px&#8221; hide_on_mobile=&#8221;off&#8221;][\/et_pb_divider][et_pb_toggle title=&#8221;Alexander P\u00e9rez- Asesor Comercial&#8221; open_toggle_text_color=&#8221;#000000&#8243; open_toggle_background_color=&#8221;#f7f7f7&#8243; closed_toggle_text_color=&#8221;#000000&#8243; closed_toggle_background_color=&#8221;#f7f7f7&#8243; icon_color=&#8221;#545454&#8243; admin_label=&#8221;Eric S\u00e1nchez &#8211; Asesor acad\u00e9mico&#8221; _builder_version=&#8221;4.4.2&#8243; title_text_color=&#8221;#000000&#8243; title_font=&#8221;Open Sans||||&#8221; title_font_size=&#8221;24&#8243; body_font=&#8221;Open Sans||||&#8221; body_text_color=&#8221;#666666&#8243; body_font_size=&#8221;18&#8243; body_line_height=&#8221;1.6em&#8221; background_size=&#8221;initial&#8221; background_position=&#8221;top_left&#8221; background_repeat=&#8221;repeat&#8221; custom_padding=&#8221;2px|0px|2px|0px&#8221; title_font_size_tablet=&#8221;18&#8243; custom_css_toggle_icon=&#8221;font-size:20px;||&#8221; border_width_all=&#8221;1px&#8221; border_color_all=&#8221;#f7f7f7&#8243; border_style_all=&#8221;solid&#8221; use_border_color=&#8221;on&#8221; border_color=&#8221;#f7f7f7&#8243;][\/et_pb_toggle][et_pb_divider color=&#8221;#bcbcbc&#8221; divider_weight=&#8221;2px&#8221; admin_label=&#8221;Divider fino gris #bcbcbc&#8221; _builder_version=&#8221;3.23.4&#8243; height=&#8221;2px&#8221; hide_on_mobile=&#8221;off&#8221;][\/et_pb_divider][\/et_pb_column][\/et_pb_row][et_pb_row _builder_version=&#8221;3.25&#8243; background_size=&#8221;initial&#8221; background_position=&#8221;top_left&#8221; background_repeat=&#8221;repeat&#8221; custom_padding=&#8221;40px||40px|&#8221;][et_pb_column type=&#8221;4_4&#8243; _builder_version=&#8221;3.25&#8243; custom_padding=&#8221;|||&#8221; custom_padding__hover=&#8221;|||&#8221;][et_pb_text admin_label=&#8221;Profesores&#8221; _builder_version=&#8221;4.4.2&#8243; text_font_size=&#8221;18&#8243; header_font_size=&#8221;36px&#8221; background_size=&#8221;initial&#8221; background_position=&#8221;top_left&#8221; background_repeat=&#8221;repeat&#8221; text_orientation=&#8221;justified&#8221;]<\/p>\n<h1>Profesores<\/h1>\n<p>Los profesores de <strong>THE GRAD SCHOOL<\/strong> tienen un entrenamiento especial. Son especialistas en la ense\u00f1anza de los componentes de matem\u00e1ticas o ingl\u00e9s de GMAT o GRE y aquellos que preparan a los estudiantes para TOEFL o IELTS, dominan los ex\u00e1menes de ingl\u00e9s como segunda lengua. Todos nuestros profesores han tomado ex\u00e1menes estandarizados y tienen al menos dos a\u00f1os de experiencia docente.<\/p>\n<p>[\/et_pb_text][et_pb_divider color=&#8221;#bcbcbc&#8221; divider_weight=&#8221;2px&#8221; admin_label=&#8221;Divider fino gris #bcbcbc&#8221; _builder_version=&#8221;3.23.4&#8243; height=&#8221;2px&#8221; hide_on_mobile=&#8221;off&#8221;][\/et_pb_divider][et_pb_toggle title=&#8221;Daniel Meier &#8211; Profesor de Ingl\u00e9s&#8221; open_toggle_text_color=&#8221;#000000&#8243; open_toggle_background_color=&#8221;#f7f7f7&#8243; closed_toggle_text_color=&#8221;#000000&#8243; closed_toggle_background_color=&#8221;#f7f7f7&#8243; icon_color=&#8221;#545454&#8243; admin_label=&#8221;Chris Watkins &#8211; Profesor de Ingl\u00e9s &#8221; _builder_version=&#8221;4.4.2&#8243; title_text_color=&#8221;#000000&#8243; title_font=&#8221;Open Sans||||&#8221; title_font_size=&#8221;24&#8243; body_font=&#8221;Open Sans||||&#8221; body_text_color=&#8221;#666666&#8243; body_font_size=&#8221;18&#8243; body_line_height=&#8221;1.6em&#8221; background_size=&#8221;initial&#8221; background_position=&#8221;top_left&#8221; background_repeat=&#8221;repeat&#8221; custom_padding=&#8221;2px|0px|2px|0px&#8221; hover_enabled=&#8221;0&#8243; title_font_size_tablet=&#8221;18&#8243; custom_css_toggle_icon=&#8221;font-size:20px;||&#8221; border_width_all=&#8221;1px&#8221; border_color_all=&#8221;#f7f7f7&#8243; border_style_all=&#8221;solid&#8221; use_border_color=&#8221;on&#8221; border_color=&#8221;#f7f7f7&#8243;]<\/p>\n<p>Estudi\u00f3 negocios y derecho de negocios en la Universidad de Salford (Manchester &#8211; Inglaterra). Ha viajado por \u00c1frica, Australia, Europa, Asia Suroriental, y las Am\u00e9ricas. Sus intereses son viajar, bucear, la fotograf\u00eda y cocinar. Trabaj\u00f3 como entrenador corporativo para Seguros de Salud BUPA antes de mudarse a Colombia, donde ya lleva cinco a\u00f1os. Se certific\u00f3 CELTA en abril del 2013. Comenz\u00f3 a trabajar en The Grad School en el 2014.<\/p>\n<p>[\/et_pb_toggle][et_pb_divider color=&#8221;#bcbcbc&#8221; divider_weight=&#8221;2px&#8221; admin_label=&#8221;Divider fino gris #bcbcbc&#8221; _builder_version=&#8221;3.23.4&#8243; height=&#8221;2px&#8221; hide_on_mobile=&#8221;off&#8221;][\/et_pb_divider][et_pb_toggle title=&#8221;Juan Pablo Mej\u00eda &#8211; Profesor de Matem\u00e1ticas&#8221; open_toggle_text_color=&#8221;#000000&#8243; open_toggle_background_color=&#8221;#f7f7f7&#8243; closed_toggle_text_color=&#8221;#000000&#8243; closed_toggle_background_color=&#8221;#f7f7f7&#8243; icon_color=&#8221;#545454&#8243; admin_label=&#8221;Juan Pablo Mej\u00eda &#8211; Profesor de Matem\u00e1tica&#8221; _builder_version=&#8221;4.4.2&#8243; title_text_color=&#8221;#000000&#8243; title_font=&#8221;Open Sans||||&#8221; title_font_size=&#8221;24&#8243; body_font=&#8221;Open Sans||||&#8221; body_text_color=&#8221;#666666&#8243; body_font_size=&#8221;18&#8243; body_line_height=&#8221;1.6em&#8221; background_size=&#8221;initial&#8221; background_position=&#8221;top_left&#8221; background_repeat=&#8221;repeat&#8221; custom_padding=&#8221;2px|0px|2px|0px&#8221; hover_enabled=&#8221;0&#8243; title_font_size_tablet=&#8221;18&#8243; custom_css_toggle_icon=&#8221;font-size:20px;||&#8221; border_width_all=&#8221;1px&#8221; border_color_all=&#8221;#f7f7f7&#8243; border_style_all=&#8221;solid&#8221; use_border_color=&#8221;on&#8221; border_color=&#8221;#f7f7f7&#8243;]Licenciado biling\u00fce en matem\u00e1ticas de la Universidad del Cauca con una especializaci\u00f3n en docencia universitaria de la Universidad Piloto de Colombia. Ha sido docente por m\u00e1s de 15 a\u00f1os en colegios tales como el Gimnasio del Norte, Colegio San Carlos, Gimnasio la Monta\u00f1a y Colegio Buckingham. Ha participado en numerosos seminarios, encuentros, y congresos.<\/p>\n<p><em>\u00a0<\/em><br \/>\n[\/et_pb_toggle][et_pb_divider color=&#8221;#bcbcbc&#8221; divider_weight=&#8221;2px&#8221; admin_label=&#8221;Divider fino gris #bcbcbc&#8221; _builder_version=&#8221;3.23.4&#8243; height=&#8221;2px&#8221; hide_on_mobile=&#8221;off&#8221;][\/et_pb_divider][\/et_pb_column][\/et_pb_row][\/et_pb_section][et_pb_section fb_built=&#8221;1&#8243; custom_padding_last_edited=&#8221;on|desktop&#8221; parallax_method_1=&#8221;off&#8221; parallax_method_2=&#8221;off&#8221; parallax_method_3=&#8221;off&#8221; disabled_on=&#8221;off|off|off&#8221; admin_label=&#8221;Section&#8221; module_id=&#8221;contacto-form&#8221; _builder_version=&#8221;3.22&#8243; background_color=&#8221;#aaaaaa&#8221; custom_padding=&#8221;10px||10px|&#8221; custom_padding_tablet=&#8221;&#8221; custom_padding_phone=&#8221;20px||30px|&#8221;][et_pb_row column_structure=&#8221;1_2,1_2&#8243; make_equal=&#8221;on&#8221; admin_label=&#8221;row&#8221; _builder_version=&#8221;3.25&#8243; background_size=&#8221;initial&#8221; background_position=&#8221;top_left&#8221; background_repeat=&#8221;repeat&#8221;][et_pb_column type=&#8221;1_2&#8243; module_class=&#8221;ds-vertical-align&#8221; _builder_version=&#8221;3.25&#8243; custom_padding=&#8221;|||&#8221; custom_padding__hover=&#8221;|||&#8221;][et_pb_image src=&#8221;https:\/\/thegradschool.com\/site\/wp-content\/uploads\/2017\/09\/logo-TGS.png&#8221; align_tablet=&#8221;center&#8221; align_phone=&#8221;&#8221; align_last_edited=&#8221;on|desktop&#8221; _builder_version=&#8221;3.23&#8243; border_style=&#8221;solid&#8221; sticky=&#8221;off&#8221; always_center_on_mobile=&#8221;on&#8221;][\/et_pb_image][\/et_pb_column][et_pb_column type=&#8221;1_2&#8243; module_class=&#8221;ds-vertical-align&#8221; _builder_version=&#8221;3.25&#8243; custom_padding=&#8221;|||&#8221; custom_padding__hover=&#8221;|||&#8221;][et_pb_text admin_label=&#8221;Datos&#8221; _builder_version=&#8221;4.4.2&#8243; text_line_height=&#8221;1em&#8221; text_orientation=&#8221;right&#8221; background_layout=&#8221;dark&#8221; custom_padding=&#8221;4px|||||&#8221; text_font_size_tablet=&#8221;&#8221; text_font_size_phone=&#8221;13&#8243; text_font_size_last_edited=&#8221;on|phone&#8221; border_style=&#8221;solid&#8221;]<\/p>\n<p style=\"text-align: right;\">Bogot\u00e1 &#8211; Colombia<\/p>\n<p style=\"text-align: right;\"><a href=\"mailto:info@thegradschool.com\"><span style=\"color: #ffffff;\">info@thegradschool.com<\/span><br \/> <\/a><\/p>\n<p style=\"text-align: right;\">(+57) 3133903359<\/p>\n<p style=\"text-align: right;\"><strong>Whatsapp\u00a0(+57) 3208939038<\/strong><\/p>\n<p>[\/et_pb_text][\/et_pb_column][\/et_pb_row][\/et_pb_section]<\/p>\n","protected":false},"excerpt":{"rendered":"<p>[et_pb_section fb_built=&#8221;1&#8243; admin_label=&#8221;Section&#8221; _builder_version=&#8221;3.22&#8243; background_color=&#8221;#f7f7f7&#8243; custom_padding=&#8221;0px||0px|&#8221; custom_padding_tablet=&#8221;0px||0px|&#8221; padding_mobile=&#8221;on&#8221;][et_pb_row column_padding_mobile=&#8221;on&#8221; admin_label=&#8221;Row&#8221; _builder_version=&#8221;3.25&#8243; background_size=&#8221;initial&#8221; background_position=&#8221;top_left&#8221; background_repeat=&#8221;repeat&#8221; custom_padding=&#8221;85px||35px|&#8221; custom_padding_tablet=&#8221;80px||0px|&#8221; custom_padding_phone=&#8221;73px|0px|0px|0px&#8221;][et_pb_column type=&#8221;4_4&#8243; _builder_version=&#8221;3.25&#8243; custom_padding=&#8221;|||&#8221; custom_padding__hover=&#8221;|||&#8221;][et_pb_text admin_label=&#8221;The Grad School (texto)&#8221; _builder_version=&#8221;3.27.4&#8243; text_font_size=&#8221;18&#8243; background_size=&#8221;initial&#8221; background_position=&#8221;top_left&#8221; background_repeat=&#8221;repeat&#8221; text_orientation=&#8221;justified&#8221; use_border_color=&#8221;off&#8221; border_color=&#8221;#ffffff&#8221; border_style=&#8221;solid&#8221;]Nuestro equipo multidisciplinario est\u00e1 compuesto por profesionales altamente calificados. Nuestros asesores han estudiado en las mejores universidades a nivel mundial, han participado [&hellip;]<\/p>\n","protected":false},"author":8,"featured_media":0,"parent":0,"menu_order":0,"comment_status":"closed","ping_status":"closed","template":"","meta":{"_et_pb_use_builder":"on","_et_pb_old_content":"","_et_gb_content_width":"","content-type":"","_joinchat":[],"footnotes":""},"class_list":["post-29274","page","type-page","status-publish","hentry"],"aioseo_notices":[],"_links":{"self":[{"href":"https:\/\/thegradschool.com\/site\/wp-json\/wp\/v2\/pages\/29274","targetHints":{"allow":["GET"]}}],"collection":[{"href":"https:\/\/thegradschool.com\/site\/wp-json\/wp\/v2\/pages"}],"about":[{"href":"https:\/\/thegradschool.com\/site\/wp-json\/wp\/v2\/types\/page"}],"author":[{"embeddable":true,"href":"https:\/\/thegradschool.com\/site\/wp-json\/wp\/v2\/users\/8"}],"replies":[{"embeddable":true,"href":"https:\/\/thegradschool.com\/site\/wp-json\/wp\/v2\/comments?post=29274"}],"version-history":[{"count":8,"href":"https:\/\/thegradschool.com\/site\/wp-json\/wp\/v2\/pages\/29274\/revisions"}],"predecessor-version":[{"id":33588,"href":"https:\/\/thegradschool.com\/site\/wp-json\/wp\/v2\/pages\/29274\/revisions\/33588"}],"wp:attachment":[{"href":"https:\/\/thegradschool.com\/site\/wp-json\/wp\/v2\/media?parent=29274"}],"curies":[{"name":"wp","href":"https:\/\/api.w.org\/{rel}","templated":true}]}}