{"id":29276,"date":"2018-09-06T19:27:48","date_gmt":"2018-09-07T00:27:48","guid":{"rendered":"https:\/\/thegradschool.com\/site\/?page_id=29276"},"modified":"2022-03-04T09:33:45","modified_gmt":"2022-03-04T14:33:45","slug":"the-gradschool","status":"publish","type":"page","link":"https:\/\/thegradschool.com\/site\/the-gradschool\/","title":{"rendered":"The Grad School"},"content":{"rendered":"<p>[et_pb_section fb_built=&#8221;1&#8243; admin_label=&#8221;foto equipo&#8221; _builder_version=&#8221;3.22&#8243; background_image=&#8221;https:\/\/thegradschool.com\/site\/wp-content\/uploads\/2017\/06\/back-estudie-usa.jpg&#8221; custom_padding=&#8221;50px|0px|40px|0px&#8221; z_index_tablet=&#8221;500&#8243; locked=&#8221;off&#8221;][et_pb_row column_padding_mobile=&#8221;on&#8221; admin_label=&#8221;row&#8221; _builder_version=&#8221;3.25&#8243; background_size=&#8221;initial&#8221; background_position=&#8221;top_left&#8221; background_repeat=&#8221;repeat&#8221; custom_padding=&#8221;169px||0px|&#8221; custom_padding_tablet=&#8221;100px||77px|&#8221; custom_padding_phone=&#8221;44px|0px|63px|0px&#8221;][et_pb_column type=&#8221;4_4&#8243; _builder_version=&#8221;3.25&#8243; custom_padding=&#8221;|||&#8221; custom_padding__hover=&#8221;|||&#8221;][et_pb_text admin_label=&#8221;Somos The Grad School&#8221; _builder_version=&#8221;4.0.3&#8243; text_font=&#8221;helvetica||||&#8221; text_text_color=&#8221;#043f87&#8243; text_font_size=&#8221;50&#8243; text_line_height=&#8221;1.2em&#8221; background_size=&#8221;initial&#8221; background_position=&#8221;top_left&#8221; background_repeat=&#8221;repeat&#8221; text_orientation=&#8221;center&#8221; module_alignment=&#8221;center&#8221; custom_margin=&#8221;|||&#8221; custom_padding=&#8221;||25px||false|false&#8221; text_font_size_tablet=&#8221;&#8221; text_font_size_phone=&#8221;30&#8243; text_font_size_last_edited=&#8221;on|phone&#8221; border_style=&#8221;solid&#8221;]<\/p>\n<h5 style=\"font-size: 36px;color: #043f87 !important;text-align: center;\">Somos<\/h5>\n<h1 style=\"font-size: 63px;color: #043f87 !important;text-align: center;font-weight: bold;\">The Grad School<\/h1>\n<h2 style=\"text-align: center;\">Una instituci\u00f3n comprometida con tus sue\u00f1os<\/h2>\n<p> [\/et_pb_text][\/et_pb_column][\/et_pb_row][\/et_pb_section][et_pb_section fb_built=&#8221;1&#8243; _builder_version=&#8221;4.0.3&#8243; custom_css_main_element=&#8221;background: #205c9b;&#8221;][et_pb_row module_class=&#8221; et_pb_row_fullwidth&#8221; _builder_version=&#8221;4.0.3&#8243; width=&#8221;89%&#8221; width_tablet=&#8221;80%&#8221; width_phone=&#8221;&#8221; width_last_edited=&#8221;on|desktop&#8221; max_width=&#8221;89%&#8221; max_width_tablet=&#8221;80%&#8221; max_width_phone=&#8221;&#8221; max_width_last_edited=&#8221;on|desktop&#8221; custom_padding=&#8221;0px||0px||false|false&#8221; make_fullwidth=&#8221;on&#8221;][et_pb_column type=&#8221;4_4&#8243; _builder_version=&#8221;3.25&#8243; custom_padding=&#8221;|||&#8221; custom_padding__hover=&#8221;|||&#8221;][et_pb_text admin_label=&#8221;Llevamos m\u00e1s de 20 a\u00f1os apoyando&#8221; _builder_version=&#8221;4.0.3&#8243; text_font=&#8221;Arimo||||&#8221; text_text_color=&#8221;#ffffff&#8221; text_font_size=&#8221;24&#8243; text_line_height=&#8221;1.4em&#8221; header_font=&#8221;Arimo||||&#8221; background_size=&#8221;initial&#8221; background_position=&#8221;top_left&#8221; background_repeat=&#8221;repeat&#8221; text_orientation=&#8221;center&#8221; background_layout=&#8221;dark&#8221; module_alignment=&#8221;center&#8221; custom_margin=&#8221;0px||0px|&#8221; custom_padding=&#8221;0px||0px|&#8221; text_font_size_tablet=&#8221;&#8221; text_font_size_phone=&#8221;18&#8243; text_font_size_last_edited=&#8221;on|phone&#8221; border_style=&#8221;solid&#8221;]<\/p>\n<p style=\"color: #ffffff; text-align: center; padding-bottom: 2px;\">Llevamos m\u00e1s de 20 a\u00f1os apoyando, orientando y preparando de forma exitosa<\/p>\n<p style=\"color: #ffffff; text-align: center;\">a estudiantes interesados en continuar su proceso acad\u00e9mico en el exterior<\/p>\n<p>[\/et_pb_text][\/et_pb_column][\/et_pb_row][\/et_pb_section][et_pb_section fb_built=&#8221;1&#8243; admin_label=&#8221;Section&#8221; _builder_version=&#8221;3.22&#8243; background_color=&#8221;#f2f2ef&#8221; custom_padding=&#8221;66px||0px|&#8221; custom_padding_tablet=&#8221;0px|0px|61px|0px&#8221; padding_mobile=&#8221;on&#8221;][et_pb_row column_structure=&#8221;1_3,2_3&#8243; padding_mobile=&#8221;on&#8221; column_padding_mobile=&#8221;on&#8221; admin_label=&#8221;Row&#8221; _builder_version=&#8221;3.25&#8243; background_size=&#8221;initial&#8221; background_position=&#8221;top_left&#8221; background_repeat=&#8221;repeat&#8221; custom_padding=&#8221;0px||74px|&#8221; custom_padding_tablet=&#8221;90px||0px|&#8221;][et_pb_column type=&#8221;1_3&#8243; _builder_version=&#8221;3.25&#8243; custom_padding=&#8221;|||&#8221; custom_padding__hover=&#8221;|||&#8221;][et_pb_text _builder_version=&#8221;3.27.4&#8243; text_font=&#8221;helvetica||||&#8221; text_text_color=&#8221;#044f8c&#8221; text_font_size=&#8221;30&#8243; background_size=&#8221;initial&#8221; background_position=&#8221;top_left&#8221; background_repeat=&#8221;repeat&#8221; border_style=&#8221;solid&#8221;]<\/p>\n<p>\nNuestro trabajo abarca<\/p>\n<p>[\/et_pb_text][\/et_pb_column][et_pb_column type=&#8221;2_3&#8243; _builder_version=&#8221;3.25&#8243; custom_padding=&#8221;|||&#8221; custom_padding__hover=&#8221;|||&#8221;][et_pb_text _builder_version=&#8221;3.27.4&#8243; text_font_size=&#8221;18&#8243; background_size=&#8221;initial&#8221; background_position=&#8221;top_left&#8221; background_repeat=&#8221;repeat&#8221; border_style=&#8221;solid&#8221;]<\/p>\n<ul>\n<li>Asesor\u00eda y acompa\u00f1amiento integral a todo lo largo del proceso.<\/li>\n<li>Orientaci\u00f3n para la selecci\u00f3n de la universidad.<\/li>\n<li>Preparaci\u00f3n para examenes.<\/li>\n<li>Asesor\u00eda en el proceso de aplicaci\u00f3n.<\/li>\n<li>Orientaci\u00f3n para acceder a becas.<\/li>\n<li>Revisi\u00f3n y supervisi\u00f3n ling\u00fc\u00edstica y conceptual de todos los documentos de la aplicaci\u00f3n.<\/li>\n<li>Contacto con fuentes de financiaci\u00f3n .<\/li>\n<\/ul>\n<p>[\/et_pb_text][\/et_pb_column][\/et_pb_row][\/et_pb_section][et_pb_section fb_built=&#8221;1&#8243; _builder_version=&#8221;3.22&#8243;][et_pb_row _builder_version=&#8221;3.25&#8243; background_size=&#8221;initial&#8221; background_position=&#8221;top_left&#8221; background_repeat=&#8221;repeat&#8221;][et_pb_column type=&#8221;4_4&#8243; _builder_version=&#8221;3.25&#8243; custom_padding=&#8221;|||&#8221; custom_padding__hover=&#8221;|||&#8221;][et_pb_text admin_label=&#8221;Ir al exterior&#8221; _builder_version=&#8221;3.27.4&#8243; text_font=&#8221;helvetica||||&#8221; text_text_color=&#8221;#044f8c&#8221; text_font_size=&#8221;30&#8243; background_size=&#8221;initial&#8221; background_position=&#8221;top_left&#8221; background_repeat=&#8221;repeat&#8221; border_style=&#8221;solid&#8221;]<\/p>\n<p style=\"text-align: center;\">\u00bfPor qu\u00e9 nuestros estudiantes decidieron ir al exterior?<\/p>\n<p>[\/et_pb_text][\/et_pb_column][\/et_pb_row][et_pb_row column_structure=&#8221;1_3,1_3,1_3&#8243; _builder_version=&#8221;3.25&#8243; background_size=&#8221;initial&#8221; background_position=&#8221;top_left&#8221; background_repeat=&#8221;repeat&#8221;][et_pb_column type=&#8221;1_3&#8243; _builder_version=&#8221;3.25&#8243; custom_padding=&#8221;|||&#8221; custom_padding__hover=&#8221;|||&#8221;][et_pb_text admin_label=&#8221;Pregrados&#8221; _builder_version=&#8221;3.27.4&#8243; background_size=&#8221;initial&#8221; background_position=&#8221;top_left&#8221; background_repeat=&#8221;repeat&#8221; use_border_color=&#8221;off&#8221; border_color=&#8221;#ffffff&#8221; border_style=&#8221;solid&#8221;]<\/p>\n<h3>Pregrados<\/h3>\n<ul>\n<li>Menor duraci\u00f3n (3 o 4 a\u00f1os).<\/li>\n<li>Costos similares o hasta inferiores a los de prestigiosas universidades colombianas.<\/li>\n<li>Perfeccionamiento de un segundo y hasta un tercer idioma.<\/li>\n<li>Posibilidad de especializaci\u00f3n dentro de las distintas \u00e1reas de estudio.<\/li>\n<li>Posibilidad de\u00a0<strong>intercambios <\/strong>con otras universidades europeas sin costo adicional (Programa Erasmus en Europa).<\/li>\n<li>Pasant\u00edas en empresas nacionales o internacionales que brindan experiencia real.<\/li>\n<li>Cercan\u00eda a los centros de innovaci\u00f3n mundiales en distintas \u00e1reas.<\/li>\n<li>Enriquecimiento cultural y personal.<\/li>\n<li>Oportunidad de hacer parte de una red internacional de profesionales.<\/li>\n<\/ul>\n<p>[\/et_pb_text][\/et_pb_column][et_pb_column type=&#8221;1_3&#8243; _builder_version=&#8221;3.25&#8243; custom_padding=&#8221;|||&#8221; custom_padding__hover=&#8221;|||&#8221;][et_pb_text admin_label=&#8221;Posgrados&#8221; _builder_version=&#8221;3.27.4&#8243; background_size=&#8221;initial&#8221; background_position=&#8221;top_left&#8221; background_repeat=&#8221;repeat&#8221; use_border_color=&#8221;off&#8221; border_color=&#8221;#ffffff&#8221; border_style=&#8221;solid&#8221;]<\/p>\n<h2>Posgrados<\/h2>\n<ul>\n<li>Apertura de puertas al mercado laboral internacional.<\/li>\n<li>Mayores posibilidades de un ascenso laboral.<\/li>\n<li>Perfeccionamiento de un segundo y hasta un tercer idioma.<\/li>\n<li>Cercan\u00eda a los centros de innovaci\u00f3n mundial en distintas \u00e1reas.<\/li>\n<li>Enriquecimiento cultural y personal.<\/li>\n<li>Oportunidad de hacer parte de una red internacional de profesionales.<\/li>\n<\/ul>\n<p>[\/et_pb_text][\/et_pb_column][et_pb_column type=&#8221;1_3&#8243; _builder_version=&#8221;3.25&#8243; custom_padding=&#8221;|||&#8221; custom_padding__hover=&#8221;|||&#8221;][et_pb_text admin_label=&#8221;MBAs&#8221; _builder_version=&#8221;3.27.4&#8243; background_size=&#8221;initial&#8221; background_position=&#8221;top_left&#8221; background_repeat=&#8221;repeat&#8221; use_border_color=&#8221;off&#8221; border_color=&#8221;#ffffff&#8221; border_style=&#8221;solid&#8221;]<\/p>\n<h2>MBAs<\/h2>\n<ul>\n<li>Mejor comprensi\u00f3n de la econom\u00eda global.<\/li>\n<li>Charlas con ejecutivos exitosos.<\/li>\n<li>Oportunidad para reenfocarse.<\/li>\n<li>Mayores posibilidades de un ascenso laboral o incremento de salario.<\/li>\n<li>Perfeccionamiento de un segundo y hasta un tercer idioma.<\/li>\n<li>Enriquecimiento cultural y personal.<\/li>\n<li>Oportunidad de hacer parte de una red internacional de profesionales.<\/li>\n<\/ul>\n<p>[\/et_pb_text][\/et_pb_column][\/et_pb_row][\/et_pb_section][et_pb_section fb_built=&#8221;1&#8243; custom_padding_last_edited=&#8221;on|desktop&#8221; parallax_method_1=&#8221;off&#8221; parallax_method_2=&#8221;off&#8221; parallax_method_3=&#8221;off&#8221; disabled_on=&#8221;off|off|off&#8221; admin_label=&#8221;Section&#8221; module_id=&#8221;contacto-form&#8221; _builder_version=&#8221;4.4.1&#8243; background_color=&#8221;#aaaaaa&#8221; custom_padding=&#8221;0px||0px|&#8221; custom_padding_tablet=&#8221;&#8221; custom_padding_phone=&#8221;20px||30px|&#8221; transparent_background=&#8221;off&#8221; make_fullwidth=&#8221;off&#8221; use_custom_width=&#8221;off&#8221; width_unit=&#8221;on&#8221; locked=&#8221;off&#8221;][et_pb_row column_structure=&#8221;1_2,1_2&#8243; make_equal=&#8221;on&#8221; admin_label=&#8221;row&#8221; _builder_version=&#8221;3.25&#8243; background_size=&#8221;initial&#8221; background_position=&#8221;top_left&#8221; background_repeat=&#8221;repeat&#8221;][et_pb_column type=&#8221;1_2&#8243; module_class=&#8221;ds-vertical-align&#8221; _builder_version=&#8221;3.25&#8243; custom_padding=&#8221;|||&#8221; custom_padding__hover=&#8221;|||&#8221;][et_pb_image src=&#8221;https:\/\/thegradschool.com\/site\/wp-content\/uploads\/2017\/09\/logo-TGS.png&#8221; align_tablet=&#8221;center&#8221; align_phone=&#8221;&#8221; align_last_edited=&#8221;on|desktop&#8221; _builder_version=&#8221;3.23&#8243; border_style=&#8221;solid&#8221; sticky=&#8221;off&#8221; always_center_on_mobile=&#8221;on&#8221;][\/et_pb_image][\/et_pb_column][et_pb_column type=&#8221;1_2&#8243; module_class=&#8221;ds-vertical-align&#8221; _builder_version=&#8221;3.25&#8243; custom_padding=&#8221;|||&#8221; custom_padding__hover=&#8221;|||&#8221;][et_pb_text admin_label=&#8221;Datos&#8221; _builder_version=&#8221;4.4.2&#8243; text_line_height=&#8221;1em&#8221; text_orientation=&#8221;right&#8221; background_layout=&#8221;dark&#8221; text_font_size_tablet=&#8221;&#8221; text_font_size_phone=&#8221;13&#8243; text_font_size_last_edited=&#8221;on|phone&#8221; border_style=&#8221;solid&#8221;]<\/p>\n<p style=\"text-align: right;\">Bogot\u00e1 &#8211; Colombia<\/p>\n<p style=\"text-align: right;\"><a href=\"mailto:info@thegradschool.com\"><span style=\"color: #ffffff;\">info@thegradschool.com<\/span><br \/> <\/a><\/p>\n<p style=\"text-align: right;\"><strong>Whatsapp 3208939038<\/strong><\/p>\n<p>[\/et_pb_text][\/et_pb_column][\/et_pb_row][et_pb_row column_structure=&#8221;1_3,1_3,1_3&#8243; _builder_version=&#8221;4.3.2&#8243; background_size=&#8221;initial&#8221; background_position=&#8221;top_left&#8221; background_repeat=&#8221;repeat&#8221; module_alignment=&#8221;center&#8221; custom_padding=&#8221;||||false|false&#8221;][et_pb_column type=&#8221;1_3&#8243; _builder_version=&#8221;3.25&#8243; custom_padding=&#8221;|||&#8221; custom_padding__hover=&#8221;|||&#8221;][et_pb_blurb title=&#8221;Preparaci\u00f3n para ex\u00e1menes&#8221; url=&#8221;https:\/\/thegradschool.com\/site\/cursos\/&#8221; use_icon=&#8221;on&#8221; font_icon=&#8221;%%254%%&#8221; icon_color=&#8221;#ffffff&#8221; use_icon_font_size=&#8221;on&#8221; icon_font_size=&#8221;50px&#8221; admin_label=&#8221;Anuncio 1&#8243; _builder_version=&#8221;4.3.2&#8243; header_line_height=&#8221;1.7em&#8221; body_line_height=&#8221;2em&#8221; background_color=&#8221;rgba(0,37,119,0.7)&#8221; background_size=&#8221;initial&#8221; background_position=&#8221;top_left&#8221; background_repeat=&#8221;repeat&#8221; text_orientation=&#8221;center&#8221; background_layout=&#8221;dark&#8221; min_height=&#8221;340px&#8221; custom_padding=&#8221;100px||||false|false&#8221; border_style=&#8221;solid&#8221;]<\/p>\n<h4><strong style=\"    line-height: 30px;\">GMAT &#8211; GRE &#8211; IELTS &#8211; TOEFL &#8211; INGL\u00c9S ACAD\u00c9MICO<\/strong><\/h4>\n<p>&nbsp;<\/p>\n<p>[\/et_pb_blurb][\/et_pb_column][et_pb_column type=&#8221;1_3&#8243; _builder_version=&#8221;3.25&#8243; custom_padding=&#8221;|||&#8221; custom_padding__hover=&#8221;|||&#8221;][et_pb_blurb title=&#8221;Nuestra instituci\u00f3n&#8221; url=&#8221;https:\/\/thegradschool.com\/site\/the-gradschool\/&#8221; use_icon=&#8221;on&#8221; font_icon=&#8221;%%259%%&#8221; icon_color=&#8221;#ffffff&#8221; use_icon_font_size=&#8221;on&#8221; icon_font_size=&#8221;50px&#8221; admin_label=&#8221;Anuncio 2&#8243; _builder_version=&#8221;4.0.3&#8243; background_color=&#8221;rgba(112,0,26,0.7)&#8221; background_size=&#8221;initial&#8221; background_position=&#8221;top_left&#8221; background_repeat=&#8221;repeat&#8221; text_orientation=&#8221;center&#8221; background_layout=&#8221;dark&#8221; min_height=&#8221;340px&#8221; custom_padding=&#8221;100px||||false|false&#8221; border_style=&#8221;solid&#8221;]<\/p>\n<h3><strong>CON\u00d3CENOS<br \/><\/strong><\/h3>\n<p>[\/et_pb_blurb][\/et_pb_column][et_pb_column type=&#8221;1_3&#8243; _builder_version=&#8221;3.25&#8243; custom_padding=&#8221;|||&#8221; custom_padding__hover=&#8221;|||&#8221;][et_pb_blurb title=&#8221;Pregrados, Posgrados y Doctorados en el exterior&#8221; url=&#8221;https:\/\/thegradschool.com\/site\/asesoria\/&#8221; use_icon=&#8221;on&#8221; font_icon=&#8221;%%289%%&#8221; icon_color=&#8221;#ffffff&#8221; use_icon_font_size=&#8221;on&#8221; icon_font_size=&#8221;50px&#8221; admin_label=&#8221;Anuncio 3&#8243; _builder_version=&#8221;4.0.3&#8243; background_color=&#8221;rgba(0,147,147,0.7)&#8221; background_size=&#8221;initial&#8221; background_position=&#8221;top_left&#8221; background_repeat=&#8221;repeat&#8221; text_orientation=&#8221;center&#8221; background_layout=&#8221;dark&#8221; min_height=&#8221;340px&#8221; custom_padding=&#8221;100px||||false|false&#8221; border_style=&#8221;solid&#8221;]<\/p>\n<h3><strong>Asesor\u00eda para la aplicaci\u00f3n<\/strong><\/h3>\n<p>[\/et_pb_blurb][\/et_pb_column][\/et_pb_row][\/et_pb_section]<\/p>\n","protected":false},"excerpt":{"rendered":"<p>[et_pb_section fb_built=&#8221;1&#8243; admin_label=&#8221;foto equipo&#8221; _builder_version=&#8221;3.22&#8243; background_image=&#8221;https:\/\/thegradschool.com\/site\/wp-content\/uploads\/2017\/06\/back-estudie-usa.jpg&#8221; custom_padding=&#8221;50px|0px|40px|0px&#8221; z_index_tablet=&#8221;500&#8243; locked=&#8221;off&#8221;][et_pb_row column_padding_mobile=&#8221;on&#8221; admin_label=&#8221;row&#8221; _builder_version=&#8221;3.25&#8243; background_size=&#8221;initial&#8221; background_position=&#8221;top_left&#8221; background_repeat=&#8221;repeat&#8221; custom_padding=&#8221;169px||0px|&#8221; custom_padding_tablet=&#8221;100px||77px|&#8221; custom_padding_phone=&#8221;44px|0px|63px|0px&#8221;][et_pb_column type=&#8221;4_4&#8243; _builder_version=&#8221;3.25&#8243; custom_padding=&#8221;|||&#8221; custom_padding__hover=&#8221;|||&#8221;][et_pb_text admin_label=&#8221;Somos The Grad School&#8221; _builder_version=&#8221;4.0.3&#8243; text_font=&#8221;helvetica||||&#8221; text_text_color=&#8221;#043f87&#8243; text_font_size=&#8221;50&#8243; text_line_height=&#8221;1.2em&#8221; background_size=&#8221;initial&#8221; background_position=&#8221;top_left&#8221; background_repeat=&#8221;repeat&#8221; text_orientation=&#8221;center&#8221; module_alignment=&#8221;center&#8221; custom_margin=&#8221;|||&#8221; custom_padding=&#8221;||25px||false|false&#8221; text_font_size_tablet=&#8221;&#8221; text_font_size_phone=&#8221;30&#8243; text_font_size_last_edited=&#8221;on|phone&#8221; border_style=&#8221;solid&#8221;] Somos The Grad School Una instituci\u00f3n comprometida con tus sue\u00f1os [\/et_pb_text][\/et_pb_column][\/et_pb_row][\/et_pb_section][et_pb_section fb_built=&#8221;1&#8243; _builder_version=&#8221;4.0.3&#8243; [&hellip;]<\/p>\n","protected":false},"author":8,"featured_media":0,"parent":0,"menu_order":0,"comment_status":"closed","ping_status":"closed","template":"","meta":{"_et_pb_use_builder":"on","_et_pb_old_content":"","_et_gb_content_width":"","content-type":"","_joinchat":[],"footnotes":""},"class_list":["post-29276","page","type-page","status-publish","hentry"],"aioseo_notices":[],"_links":{"self":[{"href":"https:\/\/thegradschool.com\/site\/wp-json\/wp\/v2\/pages\/29276","targetHints":{"allow":["GET"]}}],"collection":[{"href":"https:\/\/thegradschool.com\/site\/wp-json\/wp\/v2\/pages"}],"about":[{"href":"https:\/\/thegradschool.com\/site\/wp-json\/wp\/v2\/types\/page"}],"author":[{"embeddable":true,"href":"https:\/\/thegradschool.com\/site\/wp-json\/wp\/v2\/users\/8"}],"replies":[{"embeddable":true,"href":"https:\/\/thegradschool.com\/site\/wp-json\/wp\/v2\/comments?post=29276"}],"version-history":[{"count":4,"href":"https:\/\/thegradschool.com\/site\/wp-json\/wp\/v2\/pages\/29276\/revisions"}],"predecessor-version":[{"id":34016,"href":"https:\/\/thegradschool.com\/site\/wp-json\/wp\/v2\/pages\/29276\/revisions\/34016"}],"wp:attachment":[{"href":"https:\/\/thegradschool.com\/site\/wp-json\/wp\/v2\/media?parent=29276"}],"curies":[{"name":"wp","href":"https:\/\/api.w.org\/{rel}","templated":true}]}}