{"id":35532,"date":"2023-12-05T16:50:02","date_gmt":"2023-12-05T21:50:02","guid":{"rendered":"https:\/\/thegradschool.com\/site\/?page_id=35532"},"modified":"2023-12-05T18:11:09","modified_gmt":"2023-12-05T23:11:09","slug":"web-page-university-of-exeter-the-grad-school","status":"publish","type":"page","link":"https:\/\/thegradschool.com\/site\/web-page-university-of-exeter-the-grad-school\/","title":{"rendered":"Web Page University of Exeter | The Grad School"},"content":{"rendered":"<p>[et_pb_section fb_built=&#8221;1&#8243; disabled_on=&#8221;on|off|off&#8221; admin_label=&#8221;About Section&#8221; _builder_version=&#8221;4.4.2&#8243; background_color=&#8221;#f7f7f7&#8243; background_image=&#8221;https:\/\/thegradschool.com\/site\/wp-content\/uploads\/2023\/12\/exeter-campus.jpg&#8221; background_blend=&#8221;luminosity&#8221; min_height=&#8221;725px&#8221; custom_padding=&#8221;90px||90px|&#8221;][et_pb_row column_structure=&#8221;1_2,1_2&#8243; _builder_version=&#8221;4.4.2&#8243; background_color=&#8221;rgba(0,0,0,0.35)&#8221;][et_pb_column type=&#8221;1_2&#8243; _builder_version=&#8221;4.4.1&#8243;][et_pb_text _builder_version=&#8221;4.4.2&#8243; text_text_color=&#8221;#ffffff&#8221; text_font_size=&#8221;30px&#8221; text_line_height=&#8221;1.6em&#8221; text_orientation=&#8221;center&#8221; custom_margin=&#8221;80px||||false|false&#8221;]<\/p>\n<p><strong>Reg\u00edstrate para recibir nuestra asesor\u00eda gratuita<\/strong><\/p>\n<p>[\/et_pb_text][et_pb_code _builder_version=&#8221;4.4.2&#8243;]<script charset=\"utf-8\" type=\"text\/javascript\" src=\"\/\/js.hsforms.net\/forms\/embed\/v2.js\"><\/script><!-- [et_pb_line_break_holder] --><script><!-- [et_pb_line_break_holder] -->  hbspt.forms.create({<!-- [et_pb_line_break_holder] -->    region: \"na1\",<!-- [et_pb_line_break_holder] -->    portalId: \"21270852\",<!-- [et_pb_line_break_holder] -->    formId: \"613efae8-0b05-45d8-8d40-71b3af897f94\"<!-- [et_pb_line_break_holder] -->  });<!-- [et_pb_line_break_holder] --><\/script>[\/et_pb_code][\/et_pb_column][et_pb_column type=&#8221;1_2&#8243; _builder_version=&#8221;4.5.3&#8243;][et_pb_image src=&#8221;https:\/\/thegradschool.com\/site\/wp-content\/uploads\/2023\/01\/Uni_Landscape_Pos_Lrg.jpg&#8221; title_text=&#8221;DukeFuqua_logo_250x250_cmyk_blk&#8221; align=&#8221;center&#8221; _builder_version=&#8221;4.4.2&#8243; custom_margin=&#8221;50px||||false|false&#8221;][\/et_pb_image][et_pb_text _builder_version=&#8221;4.4.2&#8243; text_text_color=&#8221;#ffffff&#8221; text_font_size=&#8221;24px&#8221; text_line_height=&#8221;1.6em&#8221; text_orientation=&#8221;center&#8221; custom_margin=&#8221;80px||||false|false&#8221; hover_enabled=&#8221;0&#8243; text_letter_spacing=&#8221;-1px&#8221;]<\/p>\n<p><strong><span>University of Exeter<br \/> <\/span><\/strong><\/p>\n<p style=\"text-align: justify;\"><strong><span><br \/> <em>Entre el 1% de las universidades a nivel mundial, University of Exeter tambi\u00e9n est\u00e1 sistem\u00e1ticamente ranqueada entre las primeras 10 del Reino Unido a nivel institucional y por materias.<\/em><\/span><\/strong><\/p>\n<p>[\/et_pb_text][\/et_pb_column][\/et_pb_row][\/et_pb_section]<\/p>\n","protected":false},"excerpt":{"rendered":"<p>[et_pb_section fb_built=&#8221;1&#8243; disabled_on=&#8221;on|off|off&#8221; admin_label=&#8221;About Section&#8221; _builder_version=&#8221;4.4.2&#8243; background_color=&#8221;#f7f7f7&#8243; background_image=&#8221;https:\/\/thegradschool.com\/site\/wp-content\/uploads\/2023\/12\/exeter-campus.jpg&#8221; background_blend=&#8221;luminosity&#8221; min_height=&#8221;725px&#8221; custom_padding=&#8221;90px||90px|&#8221;][et_pb_row column_structure=&#8221;1_2,1_2&#8243; _builder_version=&#8221;4.4.2&#8243; background_color=&#8221;rgba(0,0,0,0.35)&#8221;][et_pb_column type=&#8221;1_2&#8243; _builder_version=&#8221;4.4.1&#8243;][et_pb_text _builder_version=&#8221;4.4.2&#8243; text_text_color=&#8221;#ffffff&#8221; text_font_size=&#8221;30px&#8221; text_line_height=&#8221;1.6em&#8221; text_orientation=&#8221;center&#8221; custom_margin=&#8221;80px||||false|false&#8221;] Reg\u00edstrate para recibir nuestra asesor\u00eda gratuita [\/et_pb_text][et_pb_code _builder_version=&#8221;4.4.2&#8243;][\/et_pb_code][\/et_pb_column][et_pb_column type=&#8221;1_2&#8243; _builder_version=&#8221;4.5.3&#8243;][et_pb_image src=&#8221;https:\/\/thegradschool.com\/site\/wp-content\/uploads\/2023\/01\/Uni_Landscape_Pos_Lrg.jpg&#8221; title_text=&#8221;DukeFuqua_logo_250x250_cmyk_blk&#8221; align=&#8221;center&#8221; _builder_version=&#8221;4.4.2&#8243; custom_margin=&#8221;50px||||false|false&#8221;][\/et_pb_image][et_pb_text _builder_version=&#8221;4.4.2&#8243; text_text_color=&#8221;#ffffff&#8221; text_font_size=&#8221;24px&#8221; text_line_height=&#8221;1.6em&#8221; text_orientation=&#8221;center&#8221; custom_margin=&#8221;80px||||false|false&#8221; hover_enabled=&#8221;0&#8243; text_letter_spacing=&#8221;-1px&#8221;] University of Exeter Entre el 1% de las universidades a [&hellip;]<\/p>\n","protected":false},"author":9,"featured_media":0,"parent":0,"menu_order":0,"comment_status":"closed","ping_status":"closed","template":"","meta":{"_et_pb_use_builder":"on","_et_pb_old_content":"","_et_gb_content_width":"","content-type":"","_joinchat":[],"footnotes":""},"class_list":["post-35532","page","type-page","status-publish","hentry"],"aioseo_notices":[],"_links":{"self":[{"href":"https:\/\/thegradschool.com\/site\/wp-json\/wp\/v2\/pages\/35532","targetHints":{"allow":["GET"]}}],"collection":[{"href":"https:\/\/thegradschool.com\/site\/wp-json\/wp\/v2\/pages"}],"about":[{"href":"https:\/\/thegradschool.com\/site\/wp-json\/wp\/v2\/types\/page"}],"author":[{"embeddable":true,"href":"https:\/\/thegradschool.com\/site\/wp-json\/wp\/v2\/users\/9"}],"replies":[{"embeddable":true,"href":"https:\/\/thegradschool.com\/site\/wp-json\/wp\/v2\/comments?post=35532"}],"version-history":[{"count":5,"href":"https:\/\/thegradschool.com\/site\/wp-json\/wp\/v2\/pages\/35532\/revisions"}],"predecessor-version":[{"id":35541,"href":"https:\/\/thegradschool.com\/site\/wp-json\/wp\/v2\/pages\/35532\/revisions\/35541"}],"wp:attachment":[{"href":"https:\/\/thegradschool.com\/site\/wp-json\/wp\/v2\/media?parent=35532"}],"curies":[{"name":"wp","href":"https:\/\/api.w.org\/{rel}","templated":true}]}}